{"id":210,"date":"2022-10-12T19:48:39","date_gmt":"2022-10-12T19:48:39","guid":{"rendered":"http:\/\/bongariliitto.fi\/?page_id=210"},"modified":"2024-03-05T11:03:45","modified_gmt":"2024-03-05T11:03:45","slug":"yhdistys-jasenyys","status":"publish","type":"page","link":"https:\/\/bongariliitto.fi\/index.php\/yhdistys-jasenyys\/","title":{"rendered":"Yhdistys &#038; j\u00e4senyys"},"content":{"rendered":"\t\t<div data-elementor-type=\"wp-page\" data-elementor-id=\"210\" class=\"elementor elementor-210\">\n\t\t\t\t\t\t\t\t\t<section data-particle_enable=\"false\" data-particle-mobile-disabled=\"false\" class=\"ob-is-breaking-bad elementor-section elementor-top-section elementor-element elementor-element-5db7320 elementor-section-boxed elementor-section-height-default elementor-section-height-default\" data-id=\"5db7320\" data-element_type=\"section\" data-settings=\"{&quot;_ob_bbad_use_it&quot;:&quot;yes&quot;,&quot;_ob_bbad_sssic_use&quot;:&quot;no&quot;,&quot;_ob_glider_is_slider&quot;:&quot;no&quot;}\">\n\t\t\t\t\t\t<div class=\"elementor-container elementor-column-gap-extended\">\n\t\t\t\t\t<div class=\"elementor-column elementor-col-50 elementor-top-column elementor-element elementor-element-569bed6\" data-id=\"569bed6\" data-element_type=\"column\" data-settings=\"{&quot;_ob_bbad_is_stalker&quot;:&quot;no&quot;,&quot;_ob_teleporter_use&quot;:false,&quot;_ob_column_hoveranimator&quot;:&quot;no&quot;,&quot;_ob_column_has_pseudo&quot;:&quot;no&quot;}\">\n\t\t\t<div class=\"elementor-widget-wrap elementor-element-populated\">\n\t\t\t\t\t\t\t\t<div class=\"elementor-element elementor-element-7b632d1 ob-harakiri-inherit ob-has-background-overlay elementor-widget elementor-widget-heading\" data-id=\"7b632d1\" data-element_type=\"widget\" data-settings=\"{&quot;_ob_use_harakiri&quot;:&quot;yes&quot;,&quot;_ob_harakiri_writing_mode&quot;:&quot;inherit&quot;,&quot;_ob_harakiri_text_clip&quot;:&quot;none&quot;,&quot;_ob_perspektive_use&quot;:&quot;no&quot;,&quot;_ob_poopart_use&quot;:&quot;yes&quot;,&quot;_ob_shadough_use&quot;:&quot;no&quot;,&quot;_ob_allow_hoveranimator&quot;:&quot;no&quot;,&quot;_ob_widget_stalker_use&quot;:&quot;no&quot;}\" data-widget_type=\"heading.default\">\n\t\t\t\t<div class=\"elementor-widget-container\">\n\t\t\t<style>\/*! elementor - v3.14.0 - 26-06-2023 *\/\n.elementor-heading-title{padding:0;margin:0;line-height:1}.elementor-widget-heading .elementor-heading-title[class*=elementor-size-]>a{color:inherit;font-size:inherit;line-height:inherit}.elementor-widget-heading .elementor-heading-title.elementor-size-small{font-size:15px}.elementor-widget-heading .elementor-heading-title.elementor-size-medium{font-size:19px}.elementor-widget-heading .elementor-heading-title.elementor-size-large{font-size:29px}.elementor-widget-heading .elementor-heading-title.elementor-size-xl{font-size:39px}.elementor-widget-heading .elementor-heading-title.elementor-size-xxl{font-size:59px}<\/style><h2 class=\"elementor-heading-title elementor-size-default\">Yhdistys &amp; J\u00e4senyys<\/h2>\t\t<\/div>\n\t\t\t\t<\/div>\n\t\t\t\t<div class=\"elementor-element elementor-element-128f9f6 ob-harakiri-inherit ob-has-background-overlay elementor-widget elementor-widget-text-editor\" data-id=\"128f9f6\" data-element_type=\"widget\" data-settings=\"{&quot;_ob_use_harakiri&quot;:&quot;yes&quot;,&quot;_ob_harakiri_writing_mode&quot;:&quot;inherit&quot;,&quot;_ob_postman_use&quot;:&quot;no&quot;,&quot;_ob_perspektive_use&quot;:&quot;no&quot;,&quot;_ob_poopart_use&quot;:&quot;yes&quot;,&quot;_ob_shadough_use&quot;:&quot;no&quot;,&quot;_ob_allow_hoveranimator&quot;:&quot;no&quot;,&quot;_ob_widget_stalker_use&quot;:&quot;no&quot;}\" data-widget_type=\"text-editor.default\">\n\t\t\t\t<div class=\"elementor-widget-container\">\n\t\t\t<style>\/*! elementor - v3.14.0 - 26-06-2023 *\/\n.elementor-widget-text-editor.elementor-drop-cap-view-stacked .elementor-drop-cap{background-color:#69727d;color:#fff}.elementor-widget-text-editor.elementor-drop-cap-view-framed .elementor-drop-cap{color:#69727d;border:3px solid;background-color:transparent}.elementor-widget-text-editor:not(.elementor-drop-cap-view-default) .elementor-drop-cap{margin-top:8px}.elementor-widget-text-editor:not(.elementor-drop-cap-view-default) .elementor-drop-cap-letter{width:1em;height:1em}.elementor-widget-text-editor .elementor-drop-cap{float:left;text-align:center;line-height:1;font-size:50px}.elementor-widget-text-editor .elementor-drop-cap-letter{display:inline-block}<\/style>\t\t\t\t<p>Bongariliitto on BirdLife Suomen nelj\u00e4nneksi suurin j\u00e4senj\u00e4rjest\u00f6. Se on perustettu 03.03.1985.<\/p><p>Yhdistyksen tarkoituksena on toimia harvinaisista lintulajeista kiinnostuneiden lintuharrastajien ja -tutkijoiden yhdyssiteen\u00e4.<\/p><p>Tavoitteena on kehitt\u00e4\u00e4 harvinaisiin lintulajeihin kohdistuvaa harrastusta muun muassa parantamalla lintujen m\u00e4\u00e4ritt\u00e4mistaitoa ja ohjaamalla retkeily\u00e4 ymp\u00e4rist\u00f6n suojelu huomioiden.<\/p><p>Yhdistys pyrkii tavoitteisiinsa ker\u00e4\u00e4m\u00e4ll\u00e4 ja levitt\u00e4m\u00e4ll\u00e4 tietoa lintuharvinaisuuksista, j\u00e4rjest\u00e4m\u00e4ll\u00e4 kokouksia, ohjaamalla ja valvomalla j\u00e4sentens\u00e4 k\u00e4ytt\u00e4ytymist\u00e4 maastossa sek\u00e4 tarjoamalla j\u00e4senilleen mahdollisuuden liitty\u00e4 Lintutiedotukseen.<\/p><div>Bongariliiton j\u00e4senen\u00e4 voit liitty\u00e4 lintutiedotukseen ja saada reaaliajassa lintuharvinaisuushavainnot k\u00e4nnykk\u00e4\u00e4si tai s\u00e4hk\u00f6postiisi. Voit ilmoittaa pinnasi Suomen virallisille pinnalistoille liiton sivujen kautta, sek\u00e4 olet mukana tukemassa linnustonsuojeluty\u00f6t\u00e4, sill\u00e4 Bongariliitto on BirdLife Suomen j\u00e4senj\u00e4rjest\u00f6.<\/div><div>\u00a0<\/div>\t\t\t\t\t\t<\/div>\n\t\t\t\t<\/div>\n\t\t\t\t<div class=\"elementor-element elementor-element-48ff2a4 ob-harakiri-inherit ob-has-background-overlay elementor-widget elementor-widget-heading\" data-id=\"48ff2a4\" data-element_type=\"widget\" data-settings=\"{&quot;_ob_use_harakiri&quot;:&quot;yes&quot;,&quot;_ob_harakiri_writing_mode&quot;:&quot;inherit&quot;,&quot;_ob_harakiri_text_clip&quot;:&quot;none&quot;,&quot;_ob_perspektive_use&quot;:&quot;no&quot;,&quot;_ob_poopart_use&quot;:&quot;yes&quot;,&quot;_ob_shadough_use&quot;:&quot;no&quot;,&quot;_ob_allow_hoveranimator&quot;:&quot;no&quot;,&quot;_ob_widget_stalker_use&quot;:&quot;no&quot;}\" data-widget_type=\"heading.default\">\n\t\t\t\t<div class=\"elementor-widget-container\">\n\t\t\t<h2 class=\"elementor-heading-title elementor-size-default\">Bongariliitto Ry<\/h2>\t\t<\/div>\n\t\t\t\t<\/div>\n\t\t\t\t<div class=\"elementor-element elementor-element-2c3101d ob-harakiri-inherit ob-has-background-overlay elementor-widget elementor-widget-text-editor\" data-id=\"2c3101d\" data-element_type=\"widget\" data-settings=\"{&quot;_ob_use_harakiri&quot;:&quot;yes&quot;,&quot;_ob_harakiri_writing_mode&quot;:&quot;inherit&quot;,&quot;_ob_postman_use&quot;:&quot;no&quot;,&quot;_ob_perspektive_use&quot;:&quot;no&quot;,&quot;_ob_poopart_use&quot;:&quot;yes&quot;,&quot;_ob_shadough_use&quot;:&quot;no&quot;,&quot;_ob_allow_hoveranimator&quot;:&quot;no&quot;,&quot;_ob_widget_stalker_use&quot;:&quot;no&quot;}\" data-widget_type=\"text-editor.default\">\n\t\t\t\t<div class=\"elementor-widget-container\">\n\t\t\t\t\t\t\t<p>c\/o Sebastian Andrejeff<\/p>\n<p>Rehtorinpellonkatu 4 C 101<\/p>\n<p>20500 TURKU<\/p>\n<p>Y-tunnus 2251927-6<\/p>\n<p>Tilinumero FI51 5711 5840 0185 41<\/p>\t\t\t\t\t\t<\/div>\n\t\t\t\t<\/div>\n\t\t\t\t\t<\/div>\n\t\t<\/div>\n\t\t\t\t<div class=\"elementor-column elementor-col-50 elementor-top-column elementor-element elementor-element-026c93f elementor-hidden-mobile\" data-id=\"026c93f\" data-element_type=\"column\" data-settings=\"{&quot;_ob_bbad_is_stalker&quot;:&quot;no&quot;,&quot;_ob_teleporter_use&quot;:false,&quot;_ob_column_hoveranimator&quot;:&quot;no&quot;,&quot;_ob_column_has_pseudo&quot;:&quot;no&quot;}\">\n\t\t\t<div class=\"elementor-widget-wrap elementor-element-populated\">\n\t\t\t\t\t\t\t\t<div class=\"elementor-element elementor-element-777676a ob-has-background-overlay elementor-widget elementor-widget-image\" data-id=\"777676a\" data-element_type=\"widget\" data-settings=\"{&quot;_ob_photomorph_use&quot;:&quot;no&quot;,&quot;_ob_perspektive_use&quot;:&quot;no&quot;,&quot;_ob_poopart_use&quot;:&quot;yes&quot;,&quot;_ob_shadough_use&quot;:&quot;no&quot;,&quot;_ob_allow_hoveranimator&quot;:&quot;no&quot;,&quot;_ob_widget_stalker_use&quot;:&quot;no&quot;}\" data-widget_type=\"image.default\">\n\t\t\t\t<div class=\"elementor-widget-container\">\n\t\t\t<style>\/*! elementor - v3.14.0 - 26-06-2023 *\/\n.elementor-widget-image{text-align:center}.elementor-widget-image a{display:inline-block}.elementor-widget-image a img[src$=\".svg\"]{width:48px}.elementor-widget-image img{vertical-align:middle;display:inline-block}<\/style>\t\t\t\t\t\t\t\t\t<figure class=\"wp-caption\">\n\t\t\t\t\t\t\t\t\t\t<img decoding=\"async\" src=\"https:\/\/bongariliitto.fi\/wp-content\/uploads\/elementor\/thumbs\/merper_Kajaani_DSC00642_low-q8kiaxe4prp85c8o8mq25fsxzvyjhvye83jtrjbib4.jpg\" title=\"Vihermehil\u00e4issy\u00f6j\u00e4 (Merops persicus) Kajaani, 5.6.2023 \u00a9 Petri Kuhno\" alt=\"Vihermehil\u00e4issy\u00f6j\u00e4 (Merops persicus) Kajaani, 5.6.2023 \u00a9 Petri Kuhno\" loading=\"lazy\" \/>\t\t\t\t\t\t\t\t\t\t\t<figcaption class=\"widget-image-caption wp-caption-text\">Vihermehil\u00e4issy\u00f6j\u00e4 (Merops persicus) Kajaani, 5.6.2023 \u00a9 Petri Kuhno<\/figcaption>\n\t\t\t\t\t\t\t\t\t\t<\/figure>\n\t\t\t\t\t\t\t\t\t<\/div>\n\t\t\t\t<\/div>\n\t\t\t\t\t<\/div>\n\t\t<\/div>\n\t\t\t\t\t\t\t<\/div>\n\t\t<\/section>\n\t\t\t\t\t\t\t<\/div>\n\t\t","protected":false},"excerpt":{"rendered":"<p>Yhdistys &amp; J\u00e4senyys Bongariliitto on BirdLife Suomen nelj\u00e4nneksi suurin j\u00e4senj\u00e4rjest\u00f6. Se on perustettu 03.03.1985. Yhdistyksen tarkoituksena on toimia harvinaisista lintulajeista kiinnostuneiden lintuharrastajien ja -tutkijoiden yhdyssiteen\u00e4. Tavoitteena on kehitt\u00e4\u00e4 harvinaisiin lintulajeihin kohdistuvaa harrastusta muun muassa parantamalla lintujen m\u00e4\u00e4ritt\u00e4mistaitoa ja ohjaamalla retkeily\u00e4 ymp\u00e4rist\u00f6n suojelu huomioiden. Yhdistys pyrkii tavoitteisiinsa ker\u00e4\u00e4m\u00e4ll\u00e4 ja levitt\u00e4m\u00e4ll\u00e4 tietoa lintuharvinaisuuksista, j\u00e4rjest\u00e4m\u00e4ll\u00e4 kokouksia, ohjaamalla ja [&hellip;]<\/p>\n","protected":false},"author":1,"featured_media":0,"parent":0,"menu_order":0,"comment_status":"closed","ping_status":"closed","template":"elementor_header_footer","meta":{"_eb_attr":""},"categories":[],"tags":[],"folder":[121],"_links":{"self":[{"href":"https:\/\/bongariliitto.fi\/index.php\/wp-json\/wp\/v2\/pages\/210"}],"collection":[{"href":"https:\/\/bongariliitto.fi\/index.php\/wp-json\/wp\/v2\/pages"}],"about":[{"href":"https:\/\/bongariliitto.fi\/index.php\/wp-json\/wp\/v2\/types\/page"}],"author":[{"embeddable":true,"href":"https:\/\/bongariliitto.fi\/index.php\/wp-json\/wp\/v2\/users\/1"}],"replies":[{"embeddable":true,"href":"https:\/\/bongariliitto.fi\/index.php\/wp-json\/wp\/v2\/comments?post=210"}],"version-history":[{"count":22,"href":"https:\/\/bongariliitto.fi\/index.php\/wp-json\/wp\/v2\/pages\/210\/revisions"}],"predecessor-version":[{"id":3539,"href":"https:\/\/bongariliitto.fi\/index.php\/wp-json\/wp\/v2\/pages\/210\/revisions\/3539"}],"wp:attachment":[{"href":"https:\/\/bongariliitto.fi\/index.php\/wp-json\/wp\/v2\/media?parent=210"}],"wp:term":[{"taxonomy":"category","embeddable":true,"href":"https:\/\/bongariliitto.fi\/index.php\/wp-json\/wp\/v2\/categories?post=210"},{"taxonomy":"post_tag","embeddable":true,"href":"https:\/\/bongariliitto.fi\/index.php\/wp-json\/wp\/v2\/tags?post=210"},{"taxonomy":"folder","embeddable":true,"href":"https:\/\/bongariliitto.fi\/index.php\/wp-json\/wp\/v2\/folder?post=210"}],"curies":[{"name":"wp","href":"https:\/\/api.w.org\/{rel}","templated":true}]}}