{"id":335,"date":"2022-10-18T17:49:27","date_gmt":"2022-10-18T17:49:27","guid":{"rendered":"http:\/\/62.204.14.189\/?page_id=335"},"modified":"2025-02-20T06:30:32","modified_gmt":"2025-02-20T06:30:32","slug":"jasenyys","status":"publish","type":"page","link":"https:\/\/bongariliitto.fi\/index.php\/jasenyys\/","title":{"rendered":"J\u00e4senyys"},"content":{"rendered":"\t\t<div data-elementor-type=\"wp-page\" data-elementor-id=\"335\" class=\"elementor elementor-335\">\n\t\t\t\t\t\t\t\t\t<section data-particle_enable=\"false\" data-particle-mobile-disabled=\"false\" class=\"ob-is-breaking-bad elementor-section elementor-top-section elementor-element elementor-element-80cf6d6 elementor-section-boxed elementor-section-height-default elementor-section-height-default\" data-id=\"80cf6d6\" data-element_type=\"section\" data-settings=\"{&quot;_ob_bbad_use_it&quot;:&quot;yes&quot;,&quot;_ob_bbad_sssic_use&quot;:&quot;no&quot;,&quot;_ob_glider_is_slider&quot;:&quot;no&quot;}\">\n\t\t\t\t\t\t<div class=\"elementor-container elementor-column-gap-default\">\n\t\t\t\t\t<div class=\"elementor-column elementor-col-100 elementor-top-column elementor-element elementor-element-cdc74db\" data-id=\"cdc74db\" data-element_type=\"column\" data-settings=\"{&quot;_ob_bbad_is_stalker&quot;:&quot;no&quot;,&quot;_ob_teleporter_use&quot;:false,&quot;_ob_column_hoveranimator&quot;:&quot;no&quot;,&quot;_ob_column_has_pseudo&quot;:&quot;no&quot;}\">\n\t\t\t<div class=\"elementor-widget-wrap\">\n\t\t\t\t\t\t\t\t\t<\/div>\n\t\t<\/div>\n\t\t\t\t\t\t\t<\/div>\n\t\t<\/section>\n\t\t\t\t<section data-particle_enable=\"false\" data-particle-mobile-disabled=\"false\" class=\"ob-is-breaking-bad elementor-section elementor-top-section elementor-element elementor-element-2973b7c elementor-section-boxed elementor-section-height-default elementor-section-height-default\" data-id=\"2973b7c\" data-element_type=\"section\" data-settings=\"{&quot;_ob_bbad_use_it&quot;:&quot;yes&quot;,&quot;_ob_bbad_sssic_use&quot;:&quot;no&quot;,&quot;_ob_glider_is_slider&quot;:&quot;no&quot;}\">\n\t\t\t\t\t\t<div class=\"elementor-container elementor-column-gap-default\">\n\t\t\t\t\t<div class=\"elementor-column elementor-col-100 elementor-top-column elementor-element elementor-element-c3c9019\" data-id=\"c3c9019\" data-element_type=\"column\" data-settings=\"{&quot;_ob_bbad_is_stalker&quot;:&quot;no&quot;,&quot;_ob_teleporter_use&quot;:false,&quot;_ob_column_hoveranimator&quot;:&quot;no&quot;,&quot;_ob_column_has_pseudo&quot;:&quot;no&quot;}\">\n\t\t\t<div class=\"elementor-widget-wrap elementor-element-populated\">\n\t\t\t\t\t\t\t\t<div class=\"elementor-element elementor-element-05976e2 ob-harakiri-inherit ob-has-background-overlay elementor-widget elementor-widget-heading\" data-id=\"05976e2\" data-element_type=\"widget\" data-settings=\"{&quot;_ob_use_harakiri&quot;:&quot;yes&quot;,&quot;_ob_harakiri_writing_mode&quot;:&quot;inherit&quot;,&quot;_ob_harakiri_text_clip&quot;:&quot;none&quot;,&quot;_ob_perspektive_use&quot;:&quot;no&quot;,&quot;_ob_poopart_use&quot;:&quot;yes&quot;,&quot;_ob_shadough_use&quot;:&quot;no&quot;,&quot;_ob_allow_hoveranimator&quot;:&quot;no&quot;,&quot;_ob_widget_stalker_use&quot;:&quot;no&quot;}\" data-widget_type=\"heading.default\">\n\t\t\t\t<div class=\"elementor-widget-container\">\n\t\t\t<style>\/*! elementor - v3.14.0 - 26-06-2023 *\/\n.elementor-heading-title{padding:0;margin:0;line-height:1}.elementor-widget-heading .elementor-heading-title[class*=elementor-size-]>a{color:inherit;font-size:inherit;line-height:inherit}.elementor-widget-heading .elementor-heading-title.elementor-size-small{font-size:15px}.elementor-widget-heading .elementor-heading-title.elementor-size-medium{font-size:19px}.elementor-widget-heading .elementor-heading-title.elementor-size-large{font-size:29px}.elementor-widget-heading .elementor-heading-title.elementor-size-xl{font-size:39px}.elementor-widget-heading .elementor-heading-title.elementor-size-xxl{font-size:59px}<\/style><h2 class=\"elementor-heading-title elementor-size-default\">Bongariliiton j\u00e4senyys<\/h2>\t\t<\/div>\n\t\t\t\t<\/div>\n\t\t\t\t<div class=\"elementor-element elementor-element-f70045d ob-harakiri-inherit ob-has-background-overlay elementor-widget elementor-widget-text-editor\" data-id=\"f70045d\" data-element_type=\"widget\" data-settings=\"{&quot;_ob_use_harakiri&quot;:&quot;yes&quot;,&quot;_ob_harakiri_writing_mode&quot;:&quot;inherit&quot;,&quot;_ob_postman_use&quot;:&quot;no&quot;,&quot;_ob_perspektive_use&quot;:&quot;no&quot;,&quot;_ob_poopart_use&quot;:&quot;yes&quot;,&quot;_ob_shadough_use&quot;:&quot;no&quot;,&quot;_ob_allow_hoveranimator&quot;:&quot;no&quot;,&quot;_ob_widget_stalker_use&quot;:&quot;no&quot;}\" data-widget_type=\"text-editor.default\">\n\t\t\t\t<div class=\"elementor-widget-container\">\n\t\t\t<style>\/*! elementor - v3.14.0 - 26-06-2023 *\/\n.elementor-widget-text-editor.elementor-drop-cap-view-stacked .elementor-drop-cap{background-color:#69727d;color:#fff}.elementor-widget-text-editor.elementor-drop-cap-view-framed .elementor-drop-cap{color:#69727d;border:3px solid;background-color:transparent}.elementor-widget-text-editor:not(.elementor-drop-cap-view-default) .elementor-drop-cap{margin-top:8px}.elementor-widget-text-editor:not(.elementor-drop-cap-view-default) .elementor-drop-cap-letter{width:1em;height:1em}.elementor-widget-text-editor .elementor-drop-cap{float:left;text-align:center;line-height:1;font-size:50px}.elementor-widget-text-editor .elementor-drop-cap-letter{display:inline-block}<\/style>\t\t\t\t<p>Bongariliittoon liittyminen on helppoa ja kannattavaa<\/p>\n<p>Bongariliiton j\u00e4senen\u00e4<\/p>\n<ul>\n<li>voit liitty\u00e4 lintutiedotukseen ja saada reaaliajassa lintuharvinaisuushavainnot k\u00e4nnykk\u00e4\u00e4si tai s\u00e4hk\u00f6postiisi<\/li>\n<li>voit ilmoittaa pinnasi Suomen virallisille pinnalistoille liiton sivujen kautta (<a href=\"https:\/\/bongariliitto.fi\/index.php\/pinnari-ohjeet\/\">Pinnari<\/a>)<\/li>\n<li>olet mukana tukemassa linnustonsuojeluty\u00f6t\u00e4, sill\u00e4 Bongariliitto on BirdLife Suomen j\u00e4senj\u00e4rjest\u00f6<\/li>\n<\/ul>\t\t\t\t\t\t<\/div>\n\t\t\t\t<\/div>\n\t\t\t\t<div class=\"elementor-element elementor-element-8994a7a ob-has-background-overlay ob-use-counterz elementor-widget elementor-widget-counter\" data-id=\"8994a7a\" data-element_type=\"widget\" data-settings=\"{&quot;_ob_use_counterz&quot;:&quot;yes&quot;,&quot;_ob_perspektive_use&quot;:&quot;no&quot;,&quot;_ob_poopart_use&quot;:&quot;yes&quot;,&quot;_ob_shadough_use&quot;:&quot;no&quot;,&quot;_ob_allow_hoveranimator&quot;:&quot;no&quot;,&quot;_ob_widget_stalker_use&quot;:&quot;no&quot;}\" data-widget_type=\"counter.default\">\n\t\t\t\t<div class=\"elementor-widget-container\">\n\t\t\t<style>\/*! elementor - v3.14.0 - 26-06-2023 *\/\n.elementor-counter .elementor-counter-number-wrapper{display:flex;font-size:69px;font-weight:600;line-height:1}.elementor-counter .elementor-counter-number-prefix,.elementor-counter .elementor-counter-number-suffix{flex-grow:1;white-space:pre-wrap}.elementor-counter .elementor-counter-number-prefix{text-align:right}.elementor-counter .elementor-counter-number-suffix{text-align:left}.elementor-counter .elementor-counter-title{text-align:center;font-size:19px;font-weight:400;line-height:2.5}<\/style>\t\t<div class=\"elementor-counter\">\n\t\t\t<div class=\"elementor-counter-number-wrapper\">\n\t\t\t\t<span class=\"elementor-counter-number-prefix\">Bongariliitolla on j\u00e4seni\u00e4 <\/span>\n\t\t\t\t<span class=\"elementor-counter-number\" data-duration=\"2000\" data-to-value=\"1309\" data-from-value=\"0\" data-delimiter=\" \">0<\/span>\n\t\t\t\t<span class=\"elementor-counter-number-suffix\"> (31.12.2024)<\/span>\n\t\t\t<\/div>\n\t\t\t\t\t<\/div>\n\t\t\t\t<\/div>\n\t\t\t\t<\/div>\n\t\t\t\t\t<\/div>\n\t\t<\/div>\n\t\t\t\t\t\t\t<\/div>\n\t\t<\/section>\n\t\t\t\t<section data-particle_enable=\"false\" data-particle-mobile-disabled=\"false\" class=\"ob-is-breaking-bad elementor-section elementor-top-section elementor-element elementor-element-45266c1 elementor-section-boxed elementor-section-height-default elementor-section-height-default\" data-id=\"45266c1\" data-element_type=\"section\" data-settings=\"{&quot;_ob_bbad_use_it&quot;:&quot;yes&quot;,&quot;_ob_bbad_sssic_use&quot;:&quot;no&quot;,&quot;_ob_glider_is_slider&quot;:&quot;no&quot;}\">\n\t\t\t\t\t\t<div class=\"elementor-container elementor-column-gap-default\">\n\t\t\t\t\t<div class=\"elementor-column elementor-col-100 elementor-top-column elementor-element elementor-element-87213ef\" data-id=\"87213ef\" data-element_type=\"column\" data-settings=\"{&quot;_ob_bbad_is_stalker&quot;:&quot;no&quot;,&quot;_ob_teleporter_use&quot;:false,&quot;_ob_column_hoveranimator&quot;:&quot;no&quot;,&quot;_ob_column_has_pseudo&quot;:&quot;no&quot;}\">\n\t\t\t<div class=\"elementor-widget-wrap elementor-element-populated\">\n\t\t\t\t\t\t\t\t<div class=\"elementor-element elementor-element-d2b44e8 ob-harakiri-inherit ob-has-background-overlay elementor-widget elementor-widget-text-editor\" data-id=\"d2b44e8\" data-element_type=\"widget\" data-settings=\"{&quot;_ob_use_harakiri&quot;:&quot;yes&quot;,&quot;_ob_harakiri_writing_mode&quot;:&quot;inherit&quot;,&quot;_ob_postman_use&quot;:&quot;no&quot;,&quot;_ob_perspektive_use&quot;:&quot;no&quot;,&quot;_ob_poopart_use&quot;:&quot;yes&quot;,&quot;_ob_shadough_use&quot;:&quot;no&quot;,&quot;_ob_allow_hoveranimator&quot;:&quot;no&quot;,&quot;_ob_widget_stalker_use&quot;:&quot;no&quot;}\" data-widget_type=\"text-editor.default\">\n\t\t\t\t<div class=\"elementor-widget-container\">\n\t\t\t\t\t\t\t<ul><li>J\u00e4senyys 37 \u20ac vuodessa (sis. Pinnarin k\u00e4ytt\u00f6oikeuden ja Bongari-vuosikirjan paperisena sek\u00e4 s\u00e4hk\u00f6isen\u00e4)<\/li><li>Lintutiedotuksen vuosimaksu 28 \u20ac<\/li><li>Molemmat 65 \u20ac<\/li><\/ul>\t\t\t\t\t\t<\/div>\n\t\t\t\t<\/div>\n\t\t\t\t\t<\/div>\n\t\t<\/div>\n\t\t\t\t\t\t\t<\/div>\n\t\t<\/section>\n\t\t\t\t<section data-particle_enable=\"false\" data-particle-mobile-disabled=\"false\" class=\"ob-is-breaking-bad elementor-section elementor-top-section elementor-element elementor-element-2a781d6 elementor-section-boxed elementor-section-height-default elementor-section-height-default\" data-id=\"2a781d6\" data-element_type=\"section\" data-settings=\"{&quot;_ob_bbad_use_it&quot;:&quot;yes&quot;,&quot;_ob_bbad_sssic_use&quot;:&quot;no&quot;,&quot;_ob_glider_is_slider&quot;:&quot;no&quot;}\">\n\t\t\t\t\t\t<div class=\"elementor-container elementor-column-gap-default\">\n\t\t\t\t\t<div class=\"elementor-column elementor-col-100 elementor-top-column elementor-element elementor-element-f0a3644\" data-id=\"f0a3644\" data-element_type=\"column\" data-settings=\"{&quot;_ob_bbad_is_stalker&quot;:&quot;no&quot;,&quot;_ob_teleporter_use&quot;:false,&quot;_ob_column_hoveranimator&quot;:&quot;no&quot;,&quot;_ob_column_has_pseudo&quot;:&quot;no&quot;}\">\n\t\t\t<div class=\"elementor-widget-wrap elementor-element-populated\">\n\t\t\t\t\t\t\t\t<div class=\"elementor-element elementor-element-a769809 ob-harakiri-inherit ob-has-background-overlay elementor-widget elementor-widget-heading\" data-id=\"a769809\" data-element_type=\"widget\" data-settings=\"{&quot;_ob_use_harakiri&quot;:&quot;yes&quot;,&quot;_ob_harakiri_writing_mode&quot;:&quot;inherit&quot;,&quot;_ob_harakiri_text_clip&quot;:&quot;none&quot;,&quot;_ob_perspektive_use&quot;:&quot;no&quot;,&quot;_ob_poopart_use&quot;:&quot;yes&quot;,&quot;_ob_shadough_use&quot;:&quot;no&quot;,&quot;_ob_allow_hoveranimator&quot;:&quot;no&quot;,&quot;_ob_widget_stalker_use&quot;:&quot;no&quot;}\" data-widget_type=\"heading.default\">\n\t\t\t\t<div class=\"elementor-widget-container\">\n\t\t\t<h2 class=\"elementor-heading-title elementor-size-default\">Perustietoa j\u00e4seneksi haluavalle<\/h2>\t\t<\/div>\n\t\t\t\t<\/div>\n\t\t\t\t<div class=\"elementor-element elementor-element-12270d7 ob-harakiri-inherit ob-has-background-overlay elementor-widget elementor-widget-text-editor\" data-id=\"12270d7\" data-element_type=\"widget\" data-settings=\"{&quot;_ob_use_harakiri&quot;:&quot;yes&quot;,&quot;_ob_harakiri_writing_mode&quot;:&quot;inherit&quot;,&quot;_ob_postman_use&quot;:&quot;no&quot;,&quot;_ob_perspektive_use&quot;:&quot;no&quot;,&quot;_ob_poopart_use&quot;:&quot;yes&quot;,&quot;_ob_shadough_use&quot;:&quot;no&quot;,&quot;_ob_allow_hoveranimator&quot;:&quot;no&quot;,&quot;_ob_widget_stalker_use&quot;:&quot;no&quot;}\" data-widget_type=\"text-editor.default\">\n\t\t\t\t<div class=\"elementor-widget-container\">\n\t\t\t\t\t\t\t<p class=\"ingress\">Bongariliitto toimii harvinaisista lintulajeista kiinnostuneiden harrastajien ja -tutkijoiden yhdyssiteen\u00e4. Tavoite on m\u00e4\u00e4ritystaidon lis\u00e4\u00e4minen ja retkeilyn ohjaaminen ymp\u00e4rist\u00f6n suojelu huomioiden. Yhdistys ker\u00e4\u00e4 ja levitt\u00e4\u00e4 tietoa lintuharvinaisuuksista.<\/p><p><b>Bongariliitto<\/b> on BirdLife Suomi ry:n j\u00e4senj\u00e4rjest\u00f6.<\/p><p><b>Yhdistyksen kokoukset<\/b> pidet\u00e4\u00e4n kev\u00e4\u00e4ll\u00e4 ja syksyll\u00e4. Niihin pyrit\u00e4\u00e4n hankkimaan esitelm\u00f6ijiksi parhaita m\u00e4\u00e4rityksen asiantuntijoita.<\/p><p><strong>Pinnari<\/strong> on Bongariliiton j\u00e4senille pinnatietojen ilmoittamiseen ja monipuoliseen selaamiseen tehty k\u00e4ytt\u00f6liittym\u00e4. <a href=\"https:\/\/bongariliitto.fi\/index.php\/pinnari-ohjeet\/\">Ohjesivulla<\/a> on esitelty Pinnarin ominaisuuksia.<\/p><p><b>Ty\u00f6valiokunta<\/b> pyrkii ohjaamaan ja valvomaan j\u00e4senten k\u00e4ytt\u00e4ytymist\u00e4 maastossa, jotta bongauksesta ei aiheutuisi haittaa linnuille tai ymp\u00e4rist\u00f6lle. Joskus bongausta rajoitetaan esimerkiksi harvinaisten lajien pesim\u00e4rauhan varmistamiseksi.<\/p><p><b>Lintutiedotus<\/b> on Bongariliiton j\u00e4rjestelm\u00e4 havaintotietojen nopeaan v\u00e4litykseen. Lintutiedotus k\u00e4ytt\u00e4\u00e4 tiedon v\u00e4litykseen www-sivuja, s\u00e4hk\u00f6postia ja GSM-tekstiviestej\u00e4. Lintutiedotuksen j\u00e4senen tulee olla Bongariliiton j\u00e4sen.<\/p><p><b>Lintutiedotuksen johtoryhm\u00e4<\/b> laatii ilmoittamisohjeet ja valvoo niiden noudattamista.<\/p><p><b>Bongariverkko<\/b> on Bongariliiton tiedottamiseen ja j\u00e4senist\u00f6n sis\u00e4iseen keskusteluun tarkoitettu s\u00e4hk\u00f6postilista, joka toimii Yahoon ilmaisella s\u00e4hk\u00f6postilistapalvelimella. Listalle hyv\u00e4ksyt\u00e4\u00e4n vain Bongariliiton j\u00e4seni\u00e4.<\/p><p><b>Bongari-vuosikirjassa<\/b> julkaistaan muun muassa katsaus harvinaisuuksista ja niiden l\u00f6yt\u00f6tarinoita, m\u00e4\u00e4ritysartikkeleita, pinnatilastoja ym.<\/p><p><a href=\"https:\/\/bongariliitto.fi\/wp-content\/uploads\/2024\/01\/Vuosikirjoja.jpg\" rel=\"attachment wp-att-3481\"><img decoding=\"async\" loading=\"lazy\" class=\"wp-image-3481 size-large aligncenter\" src=\"https:\/\/bongariliitto.fi\/wp-content\/uploads\/2024\/01\/Vuosikirjoja-1024x495.jpg\" alt=\"\" width=\"800\" height=\"387\" data-wp-editing=\"1\" srcset=\"https:\/\/bongariliitto.fi\/wp-content\/uploads\/2024\/01\/Vuosikirjoja-1024x495.jpg 1024w, https:\/\/bongariliitto.fi\/wp-content\/uploads\/2024\/01\/Vuosikirjoja-300x145.jpg 300w, https:\/\/bongariliitto.fi\/wp-content\/uploads\/2024\/01\/Vuosikirjoja-768x371.jpg 768w, https:\/\/bongariliitto.fi\/wp-content\/uploads\/2024\/01\/Vuosikirjoja-1536x743.jpg 1536w, https:\/\/bongariliitto.fi\/wp-content\/uploads\/2024\/01\/Vuosikirjoja.jpg 1597w\" sizes=\"(max-width: 800px) 100vw, 800px\" \/><\/a><\/p><p>Bongari-vuosikirja postitetaan j\u00e4senille alkuvuodesta ja vanhoja numeroita p\u00e4\u00e4see lukemaan kotisivuilla kirjautumalla sis\u00e4\u00e4n Pinnari-tunnuksilla.<\/p>\t\t\t\t\t\t<\/div>\n\t\t\t\t<\/div>\n\t\t\t\t\t<\/div>\n\t\t<\/div>\n\t\t\t\t\t\t\t<\/div>\n\t\t<\/section>\n\t\t\t\t\t\t\t<\/div>\n\t\t","protected":false},"excerpt":{"rendered":"<p>Bongariliiton j\u00e4senyys Bongariliittoon liittyminen on helppoa ja kannattavaa Bongariliiton j\u00e4senen\u00e4 voit liitty\u00e4 lintutiedotukseen ja saada reaaliajassa lintuharvinaisuushavainnot k\u00e4nnykk\u00e4\u00e4si tai s\u00e4hk\u00f6postiisi voit ilmoittaa pinnasi Suomen virallisille pinnalistoille liiton sivujen kautta (Pinnari) olet mukana tukemassa linnustonsuojeluty\u00f6t\u00e4, sill\u00e4 Bongariliitto on BirdLife Suomen j\u00e4senj\u00e4rjest\u00f6 Bongariliitolla on j\u00e4seni\u00e4 0 (31.12.2024) J\u00e4senyys 37 \u20ac vuodessa (sis. Pinnarin k\u00e4ytt\u00f6oikeuden ja Bongari-vuosikirjan paperisena [&hellip;]<\/p>\n","protected":false},"author":1,"featured_media":0,"parent":0,"menu_order":0,"comment_status":"closed","ping_status":"closed","template":"elementor_header_footer","meta":{"_eb_attr":""},"categories":[],"tags":[],"folder":[121],"_links":{"self":[{"href":"https:\/\/bongariliitto.fi\/index.php\/wp-json\/wp\/v2\/pages\/335"}],"collection":[{"href":"https:\/\/bongariliitto.fi\/index.php\/wp-json\/wp\/v2\/pages"}],"about":[{"href":"https:\/\/bongariliitto.fi\/index.php\/wp-json\/wp\/v2\/types\/page"}],"author":[{"embeddable":true,"href":"https:\/\/bongariliitto.fi\/index.php\/wp-json\/wp\/v2\/users\/1"}],"replies":[{"embeddable":true,"href":"https:\/\/bongariliitto.fi\/index.php\/wp-json\/wp\/v2\/comments?post=335"}],"version-history":[{"count":76,"href":"https:\/\/bongariliitto.fi\/index.php\/wp-json\/wp\/v2\/pages\/335\/revisions"}],"predecessor-version":[{"id":4233,"href":"https:\/\/bongariliitto.fi\/index.php\/wp-json\/wp\/v2\/pages\/335\/revisions\/4233"}],"wp:attachment":[{"href":"https:\/\/bongariliitto.fi\/index.php\/wp-json\/wp\/v2\/media?parent=335"}],"wp:term":[{"taxonomy":"category","embeddable":true,"href":"https:\/\/bongariliitto.fi\/index.php\/wp-json\/wp\/v2\/categories?post=335"},{"taxonomy":"post_tag","embeddable":true,"href":"https:\/\/bongariliitto.fi\/index.php\/wp-json\/wp\/v2\/tags?post=335"},{"taxonomy":"folder","embeddable":true,"href":"https:\/\/bongariliitto.fi\/index.php\/wp-json\/wp\/v2\/folder?post=335"}],"curies":[{"name":"wp","href":"https:\/\/api.w.org\/{rel}","templated":true}]}}