{"id":366,"date":"2022-10-18T18:27:06","date_gmt":"2022-10-18T18:27:06","guid":{"rendered":"http:\/\/62.204.14.189\/?page_id=366"},"modified":"2025-01-11T17:04:35","modified_gmt":"2025-01-11T17:04:35","slug":"liittyminen","status":"publish","type":"page","link":"https:\/\/bongariliitto.fi\/index.php\/liittyminen\/","title":{"rendered":"Liittyminen"},"content":{"rendered":"\t\t<div data-elementor-type=\"wp-page\" data-elementor-id=\"366\" class=\"elementor elementor-366\">\n\t\t\t\t\t\t\t\t\t<section data-particle_enable=\"false\" data-particle-mobile-disabled=\"false\" class=\"ob-is-breaking-bad elementor-section elementor-top-section elementor-element elementor-element-f2734ee elementor-section-boxed elementor-section-height-default elementor-section-height-default\" data-id=\"f2734ee\" data-element_type=\"section\" data-settings=\"{&quot;_ob_bbad_use_it&quot;:&quot;yes&quot;,&quot;_ob_bbad_sssic_use&quot;:&quot;no&quot;,&quot;_ob_glider_is_slider&quot;:&quot;no&quot;}\">\n\t\t\t\t\t\t<div class=\"elementor-container elementor-column-gap-default\">\n\t\t\t\t\t<div class=\"elementor-column elementor-col-100 elementor-top-column elementor-element elementor-element-6a8687f\" data-id=\"6a8687f\" data-element_type=\"column\" data-settings=\"{&quot;_ob_bbad_is_stalker&quot;:&quot;no&quot;,&quot;_ob_teleporter_use&quot;:false,&quot;_ob_column_hoveranimator&quot;:&quot;no&quot;,&quot;_ob_column_has_pseudo&quot;:&quot;no&quot;}\">\n\t\t\t<div class=\"elementor-widget-wrap elementor-element-populated\">\n\t\t\t\t\t\t\t\t<div class=\"elementor-element elementor-element-a067324 ob-harakiri-inherit ob-has-background-overlay elementor-widget elementor-widget-text-editor\" data-id=\"a067324\" data-element_type=\"widget\" data-settings=\"{&quot;_ob_use_harakiri&quot;:&quot;yes&quot;,&quot;_ob_harakiri_writing_mode&quot;:&quot;inherit&quot;,&quot;_ob_postman_use&quot;:&quot;no&quot;,&quot;_ob_perspektive_use&quot;:&quot;no&quot;,&quot;_ob_poopart_use&quot;:&quot;yes&quot;,&quot;_ob_shadough_use&quot;:&quot;no&quot;,&quot;_ob_allow_hoveranimator&quot;:&quot;no&quot;,&quot;_ob_widget_stalker_use&quot;:&quot;no&quot;}\" data-widget_type=\"text-editor.default\">\n\t\t\t\t<div class=\"elementor-widget-container\">\n\t\t\t<style>\/*! elementor - v3.14.0 - 26-06-2023 *\/\n.elementor-widget-text-editor.elementor-drop-cap-view-stacked .elementor-drop-cap{background-color:#69727d;color:#fff}.elementor-widget-text-editor.elementor-drop-cap-view-framed .elementor-drop-cap{color:#69727d;border:3px solid;background-color:transparent}.elementor-widget-text-editor:not(.elementor-drop-cap-view-default) .elementor-drop-cap{margin-top:8px}.elementor-widget-text-editor:not(.elementor-drop-cap-view-default) .elementor-drop-cap-letter{width:1em;height:1em}.elementor-widget-text-editor .elementor-drop-cap{float:left;text-align:center;line-height:1;font-size:50px}.elementor-widget-text-editor .elementor-drop-cap-letter{display:inline-block}<\/style>\t\t\t\t<h2>Liity j\u00e4seneksi<\/h2><ol><li>Klikkaa: <a href=\"https:\/\/rekisteri.birdlife.fi\/Lomakkeet\/jasenyys\">https:\/\/rekisteri.birdlife.fi\/lomakkeet\/jasenyys<\/a><\/li><li>Valitse j\u00e4senyhdistykseksi Bongariliitto<\/li><li>Valitse j\u00e4sentyyppi kahdesta vaihtoehdosta:<ul><li>J\u00e4sen 37 \u20ac, jos haet vain j\u00e4senyytt\u00e4<\/li><li>J\u00e4sen ja Lintutiedotus 65 \u20ac, jos haet j\u00e4seneksi <i>Bongariliittoon<\/i>\u00a0ja haluat samalla liitty\u00e4\u00a0<i>Lintutiedotukseen.<\/i><\/li><\/ul><\/li><li>Hyv\u00e4ksy sitoumus ennen j\u00e4senhakemuksen l\u00e4hett\u00e4mist\u00e4<\/li><\/ol><p>\u00a0<\/p><p><strong>Sitoumus:<\/strong><\/p><div>Hyv\u00e4ksyn Bongariliitto ry:n s\u00e4\u00e4nn\u00f6t ja sis\u00e4iset ohjeet tiet\u00e4en mihin n\u00e4m\u00e4 s\u00e4\u00e4nn\u00f6t ja sis\u00e4iset ohjeet minut velvoittavat ja sitoudun noudattamaan niit\u00e4 (<a href=\"https:\/\/bongariliitto.fi\/index.php\/bongarin-toimintaohje\/\">Bongarin toimintaohje<\/a>). Liitto ei vastaa ulkopuolisen operaattorin verkon toimivuudesta milt\u00e4\u00e4n osin. Lintutiedotuksen v\u00e4litt\u00e4m\u00e4 tieto on liiton omaisuutta, enk\u00e4 saa ilman johtoryhm\u00e4n lupaa v\u00e4litt\u00e4\u00e4 sit\u00e4 eteenp\u00e4in, enk\u00e4 myyd\u00e4, lainata tai muuten luovuttaa puhelinliittym\u00e4\u00e4, ellen ole ensin poistanut lintutiedotuksen tekstiviestien tilausta.<\/div>\t\t\t\t\t\t<\/div>\n\t\t\t\t<\/div>\n\t\t\t\t\t<\/div>\n\t\t<\/div>\n\t\t\t\t\t\t\t<\/div>\n\t\t<\/section>\n\t\t\t\t<section data-particle_enable=\"false\" data-particle-mobile-disabled=\"false\" class=\"ob-is-breaking-bad elementor-section elementor-top-section elementor-element elementor-element-981cc65 elementor-section-boxed elementor-section-height-default elementor-section-height-default\" data-id=\"981cc65\" data-element_type=\"section\" data-settings=\"{&quot;_ob_bbad_use_it&quot;:&quot;yes&quot;,&quot;_ob_bbad_sssic_use&quot;:&quot;no&quot;,&quot;_ob_glider_is_slider&quot;:&quot;no&quot;}\">\n\t\t\t\t\t\t<div class=\"elementor-container elementor-column-gap-default\">\n\t\t\t\t\t<div class=\"elementor-column elementor-col-100 elementor-top-column elementor-element elementor-element-3f41ffe\" data-id=\"3f41ffe\" data-element_type=\"column\" data-settings=\"{&quot;_ob_bbad_is_stalker&quot;:&quot;no&quot;,&quot;_ob_teleporter_use&quot;:false,&quot;_ob_column_hoveranimator&quot;:&quot;no&quot;,&quot;_ob_column_has_pseudo&quot;:&quot;no&quot;}\">\n\t\t\t<div class=\"elementor-widget-wrap elementor-element-populated\">\n\t\t\t\t\t\t\t\t<div class=\"elementor-element elementor-element-ffb1bf7 ob-harakiri-inherit ob-has-background-overlay elementor-widget elementor-widget-text-editor\" data-id=\"ffb1bf7\" data-element_type=\"widget\" data-settings=\"{&quot;_ob_use_harakiri&quot;:&quot;yes&quot;,&quot;_ob_harakiri_writing_mode&quot;:&quot;inherit&quot;,&quot;_ob_postman_use&quot;:&quot;no&quot;,&quot;_ob_perspektive_use&quot;:&quot;no&quot;,&quot;_ob_poopart_use&quot;:&quot;yes&quot;,&quot;_ob_shadough_use&quot;:&quot;no&quot;,&quot;_ob_allow_hoveranimator&quot;:&quot;no&quot;,&quot;_ob_widget_stalker_use&quot;:&quot;no&quot;}\" data-widget_type=\"text-editor.default\">\n\t\t\t\t<div class=\"elementor-widget-container\">\n\t\t\t\t\t\t\t<ul><li>J\u00e4senyys 37 \u20ac vuodessa (sis. Pinnarin k\u00e4ytt\u00f6oikeuden ja Bongari-vuosikirjan paperisena sek\u00e4 s\u00e4hk\u00f6isen\u00e4)<\/li><li>Lintutiedotuksen vuosimaksu 28 \u20ac<\/li><li>Molemmat 65 \u20ac<\/li><\/ul><p>\u00a0<\/p><p>J\u00e4senhakemuksia k\u00e4sitell\u00e4\u00e4n noin kahden viikon v\u00e4lein.<\/p>\t\t\t\t\t\t<\/div>\n\t\t\t\t<\/div>\n\t\t\t\t\t<\/div>\n\t\t<\/div>\n\t\t\t\t\t\t\t<\/div>\n\t\t<\/section>\n\t\t\t\t<section data-particle_enable=\"false\" data-particle-mobile-disabled=\"false\" class=\"ob-is-breaking-bad elementor-section elementor-top-section elementor-element elementor-element-419d775 elementor-section-boxed elementor-section-height-default elementor-section-height-default\" data-id=\"419d775\" data-element_type=\"section\" data-settings=\"{&quot;_ob_bbad_use_it&quot;:&quot;yes&quot;,&quot;_ob_bbad_sssic_use&quot;:&quot;no&quot;,&quot;_ob_glider_is_slider&quot;:&quot;no&quot;}\">\n\t\t\t\t\t\t<div class=\"elementor-container elementor-column-gap-default\">\n\t\t\t\t\t<div class=\"elementor-column elementor-col-100 elementor-top-column elementor-element elementor-element-e48efaf\" data-id=\"e48efaf\" data-element_type=\"column\" data-settings=\"{&quot;_ob_bbad_is_stalker&quot;:&quot;no&quot;,&quot;_ob_teleporter_use&quot;:false,&quot;_ob_column_hoveranimator&quot;:&quot;no&quot;,&quot;_ob_column_has_pseudo&quot;:&quot;no&quot;}\">\n\t\t\t<div class=\"elementor-widget-wrap elementor-element-populated\">\n\t\t\t\t\t\t\t\t<div class=\"elementor-element elementor-element-42690af ob-harakiri-inherit ob-has-background-overlay elementor-widget elementor-widget-heading\" data-id=\"42690af\" data-element_type=\"widget\" data-settings=\"{&quot;_ob_use_harakiri&quot;:&quot;yes&quot;,&quot;_ob_harakiri_writing_mode&quot;:&quot;inherit&quot;,&quot;_ob_harakiri_text_clip&quot;:&quot;none&quot;,&quot;_ob_perspektive_use&quot;:&quot;no&quot;,&quot;_ob_poopart_use&quot;:&quot;yes&quot;,&quot;_ob_shadough_use&quot;:&quot;no&quot;,&quot;_ob_allow_hoveranimator&quot;:&quot;no&quot;,&quot;_ob_widget_stalker_use&quot;:&quot;no&quot;}\" data-widget_type=\"heading.default\">\n\t\t\t\t<div class=\"elementor-widget-container\">\n\t\t\t<style>\/*! elementor - v3.14.0 - 26-06-2023 *\/\n.elementor-heading-title{padding:0;margin:0;line-height:1}.elementor-widget-heading .elementor-heading-title[class*=elementor-size-]>a{color:inherit;font-size:inherit;line-height:inherit}.elementor-widget-heading .elementor-heading-title.elementor-size-small{font-size:15px}.elementor-widget-heading .elementor-heading-title.elementor-size-medium{font-size:19px}.elementor-widget-heading .elementor-heading-title.elementor-size-large{font-size:29px}.elementor-widget-heading .elementor-heading-title.elementor-size-xl{font-size:39px}.elementor-widget-heading .elementor-heading-title.elementor-size-xxl{font-size:59px}<\/style><h2 class=\"elementor-heading-title elementor-size-default\">Reilut tuhat j\u00e4sent\u00e4<\/h2>\t\t<\/div>\n\t\t\t\t<\/div>\n\t\t\t\t<div class=\"elementor-element elementor-element-7af794b ob-harakiri-inherit ob-has-background-overlay elementor-widget elementor-widget-text-editor\" data-id=\"7af794b\" data-element_type=\"widget\" data-settings=\"{&quot;_ob_use_harakiri&quot;:&quot;yes&quot;,&quot;_ob_harakiri_writing_mode&quot;:&quot;inherit&quot;,&quot;_ob_postman_use&quot;:&quot;no&quot;,&quot;_ob_perspektive_use&quot;:&quot;no&quot;,&quot;_ob_poopart_use&quot;:&quot;yes&quot;,&quot;_ob_shadough_use&quot;:&quot;no&quot;,&quot;_ob_allow_hoveranimator&quot;:&quot;no&quot;,&quot;_ob_widget_stalker_use&quot;:&quot;no&quot;}\" data-widget_type=\"text-editor.default\">\n\t\t\t\t<div class=\"elementor-widget-container\">\n\t\t\t\t\t\t\t<p class=\"ingress\">Bongariliiton j\u00e4senen\u00e4 sinulla on mahdollisuus saada ensik\u00e4den tietoa Suomessa tavatuista harvinaisuuksista ja usein my\u00f6s tarvittavia ajo- ym. ohjeita, jotka auttavat harvinaisten lintujen n\u00e4kemisess\u00e4.<\/p><p class=\"ingress\">Ennen kuin liityt, lue seuraavat ajatuksella, jotta tied\u00e4t mihin sitoudut<\/p>\t\t\t\t\t\t<\/div>\n\t\t\t\t<\/div>\n\t\t\t\t<div class=\"elementor-element elementor-element-d2b11da ob-harakiri-inherit ob-has-background-overlay elementor-widget elementor-widget-heading\" data-id=\"d2b11da\" data-element_type=\"widget\" data-settings=\"{&quot;_ob_use_harakiri&quot;:&quot;yes&quot;,&quot;_ob_harakiri_writing_mode&quot;:&quot;inherit&quot;,&quot;_ob_harakiri_text_clip&quot;:&quot;none&quot;,&quot;_ob_perspektive_use&quot;:&quot;no&quot;,&quot;_ob_poopart_use&quot;:&quot;yes&quot;,&quot;_ob_shadough_use&quot;:&quot;no&quot;,&quot;_ob_allow_hoveranimator&quot;:&quot;no&quot;,&quot;_ob_widget_stalker_use&quot;:&quot;no&quot;}\" data-widget_type=\"heading.default\">\n\t\t\t\t<div class=\"elementor-widget-container\">\n\t\t\t<h2 class=\"elementor-heading-title elementor-size-default\"><a href=\"https:\/\/bongariliitto.fi\/index.php\/saannot\/\">S\u00e4\u00e4nn\u00f6t<\/a><\/h2>\t\t<\/div>\n\t\t\t\t<\/div>\n\t\t\t\t<div class=\"elementor-element elementor-element-71581f8 ob-harakiri-inherit ob-has-background-overlay elementor-widget elementor-widget-heading\" data-id=\"71581f8\" data-element_type=\"widget\" data-settings=\"{&quot;_ob_use_harakiri&quot;:&quot;yes&quot;,&quot;_ob_harakiri_writing_mode&quot;:&quot;inherit&quot;,&quot;_ob_harakiri_text_clip&quot;:&quot;none&quot;,&quot;_ob_perspektive_use&quot;:&quot;no&quot;,&quot;_ob_poopart_use&quot;:&quot;yes&quot;,&quot;_ob_shadough_use&quot;:&quot;no&quot;,&quot;_ob_allow_hoveranimator&quot;:&quot;no&quot;,&quot;_ob_widget_stalker_use&quot;:&quot;no&quot;}\" data-widget_type=\"heading.default\">\n\t\t\t\t<div class=\"elementor-widget-container\">\n\t\t\t<h2 class=\"elementor-heading-title elementor-size-default\"><a href=\"https:\/\/bongariliitto.fi\/index.php\/bongarin-toimintaohje\/\">Bongarin toimintaohjeet<\/a><\/h2>\t\t<\/div>\n\t\t\t\t<\/div>\n\t\t\t\t\t<\/div>\n\t\t<\/div>\n\t\t\t\t\t\t\t<\/div>\n\t\t<\/section>\n\t\t\t\t<section data-particle_enable=\"false\" data-particle-mobile-disabled=\"false\" class=\"ob-is-breaking-bad elementor-section elementor-top-section elementor-element elementor-element-f5ab4aa elementor-section-boxed elementor-section-height-default elementor-section-height-default\" data-id=\"f5ab4aa\" data-element_type=\"section\" data-settings=\"{&quot;_ob_bbad_use_it&quot;:&quot;yes&quot;,&quot;_ob_bbad_sssic_use&quot;:&quot;no&quot;,&quot;_ob_glider_is_slider&quot;:&quot;no&quot;}\">\n\t\t\t\t\t\t<div class=\"elementor-container elementor-column-gap-default\">\n\t\t\t\t\t<div class=\"elementor-column elementor-col-100 elementor-top-column elementor-element elementor-element-98c9401\" data-id=\"98c9401\" data-element_type=\"column\" data-settings=\"{&quot;_ob_bbad_is_stalker&quot;:&quot;no&quot;,&quot;_ob_teleporter_use&quot;:false,&quot;_ob_column_hoveranimator&quot;:&quot;no&quot;,&quot;_ob_column_has_pseudo&quot;:&quot;no&quot;}\">\n\t\t\t<div class=\"elementor-widget-wrap elementor-element-populated\">\n\t\t\t\t\t\t\t\t<div class=\"elementor-element elementor-element-f1d0f8f ob-harakiri-inherit ob-has-background-overlay elementor-widget elementor-widget-heading\" data-id=\"f1d0f8f\" data-element_type=\"widget\" data-settings=\"{&quot;_ob_use_harakiri&quot;:&quot;yes&quot;,&quot;_ob_harakiri_writing_mode&quot;:&quot;inherit&quot;,&quot;_ob_harakiri_text_clip&quot;:&quot;none&quot;,&quot;_ob_perspektive_use&quot;:&quot;no&quot;,&quot;_ob_poopart_use&quot;:&quot;yes&quot;,&quot;_ob_shadough_use&quot;:&quot;no&quot;,&quot;_ob_allow_hoveranimator&quot;:&quot;no&quot;,&quot;_ob_widget_stalker_use&quot;:&quot;no&quot;}\" data-widget_type=\"heading.default\">\n\t\t\t\t<div class=\"elementor-widget-container\">\n\t\t\t<h2 class=\"elementor-heading-title elementor-size-default\">Pinnarin k\u00e4ytt\u00f6\u00f6notto<\/h2>\t\t<\/div>\n\t\t\t\t<\/div>\n\t\t\t\t<div class=\"elementor-element elementor-element-2e6d5e9 ob-harakiri-inherit ob-has-background-overlay elementor-widget elementor-widget-text-editor\" data-id=\"2e6d5e9\" data-element_type=\"widget\" data-settings=\"{&quot;_ob_use_harakiri&quot;:&quot;yes&quot;,&quot;_ob_harakiri_writing_mode&quot;:&quot;inherit&quot;,&quot;_ob_postman_use&quot;:&quot;no&quot;,&quot;_ob_perspektive_use&quot;:&quot;no&quot;,&quot;_ob_poopart_use&quot;:&quot;yes&quot;,&quot;_ob_shadough_use&quot;:&quot;no&quot;,&quot;_ob_allow_hoveranimator&quot;:&quot;no&quot;,&quot;_ob_widget_stalker_use&quot;:&quot;no&quot;}\" data-widget_type=\"text-editor.default\">\n\t\t\t\t<div class=\"elementor-widget-container\">\n\t\t\t\t\t\t\t<p>1. Liitytty\u00e4si Bongariliiton j\u00e4seneksi, ota yhteys j\u00e4sensihteeriin osoitteessa jasensihteeri@bongariliitto.fi<br>2. Muista laittaa s\u00e4hk\u00f6postiin seuraavat tiedot:<br>&#8211; Koko nimesi<br>&#8211; S\u00e4hk\u00f6postiosoite, jonka haluat liitt\u00e4\u00e4 k\u00e4ytt\u00e4j\u00e4tiliisi<br>&#8211; Lintutiedotuslyhenne, jos sinulla on sellainen<br>3. Odota, ett\u00e4 j\u00e4sensihteeri luo sinulle tunnukset. Saat tunnuksen tiedot s-postiisi<\/p>\t\t\t\t\t\t<\/div>\n\t\t\t\t<\/div>\n\t\t\t\t\t<\/div>\n\t\t<\/div>\n\t\t\t\t\t\t\t<\/div>\n\t\t<\/section>\n\t\t\t\t<section data-particle_enable=\"false\" data-particle-mobile-disabled=\"false\" class=\"ob-is-breaking-bad elementor-section elementor-top-section elementor-element elementor-element-e3464bb elementor-section-boxed elementor-section-height-default elementor-section-height-default\" data-id=\"e3464bb\" data-element_type=\"section\" data-settings=\"{&quot;_ob_bbad_use_it&quot;:&quot;yes&quot;,&quot;_ob_bbad_sssic_use&quot;:&quot;no&quot;,&quot;_ob_glider_is_slider&quot;:&quot;no&quot;}\">\n\t\t\t\t\t\t<div class=\"elementor-container elementor-column-gap-default\">\n\t\t\t\t\t<div class=\"elementor-column elementor-col-100 elementor-top-column elementor-element elementor-element-01fe5dc\" data-id=\"01fe5dc\" data-element_type=\"column\" data-settings=\"{&quot;_ob_bbad_is_stalker&quot;:&quot;no&quot;,&quot;_ob_teleporter_use&quot;:false,&quot;_ob_column_hoveranimator&quot;:&quot;no&quot;,&quot;_ob_column_has_pseudo&quot;:&quot;no&quot;}\">\n\t\t\t<div class=\"elementor-widget-wrap elementor-element-populated\">\n\t\t\t\t\t\t\t\t<div class=\"elementor-element elementor-element-4039450 ob-harakiri-inherit ob-has-background-overlay elementor-widget elementor-widget-text-editor\" data-id=\"4039450\" data-element_type=\"widget\" data-settings=\"{&quot;_ob_use_harakiri&quot;:&quot;yes&quot;,&quot;_ob_harakiri_writing_mode&quot;:&quot;inherit&quot;,&quot;_ob_postman_use&quot;:&quot;no&quot;,&quot;_ob_perspektive_use&quot;:&quot;no&quot;,&quot;_ob_poopart_use&quot;:&quot;yes&quot;,&quot;_ob_shadough_use&quot;:&quot;no&quot;,&quot;_ob_allow_hoveranimator&quot;:&quot;no&quot;,&quot;_ob_widget_stalker_use&quot;:&quot;no&quot;}\" data-widget_type=\"text-editor.default\">\n\t\t\t\t<div class=\"elementor-widget-container\">\n\t\t\t\t\t\t\t<h2 class=\"elementor-heading-title elementor-size-default elementor-inline-editing pen\" contenteditable=\"true\" data-elementor-setting-key=\"title\" data-pen-placeholder=\"Kirjoita t\u00e4h\u00e4n...\">Perustietoa j\u00e4seneksi haluavalle<\/h2><p>\u00a0<\/p><p class=\"ingress\">Bongariliitto toimii harvinaisista lintulajeista kiinnostuneiden harrastajien ja -tutkijoiden yhdyssiteen\u00e4. Tavoite on m\u00e4\u00e4ritystaidon lis\u00e4\u00e4minen ja retkeilyn ohjaaminen ymp\u00e4rist\u00f6n suojelu huomioiden. Yhdistys ker\u00e4\u00e4 ja levitt\u00e4\u00e4 tietoa lintuharvinaisuuksista.<\/p><p><b>Bongariliitto<\/b> on BirdLife Suomi ry:n j\u00e4senj\u00e4rjest\u00f6.<\/p><p><b>Yhdistyksen kokoukset<\/b> pidet\u00e4\u00e4n kev\u00e4\u00e4ll\u00e4 ja syksyll\u00e4. Niihin pyrit\u00e4\u00e4n hankkimaan esitelm\u00f6ijiksi parhaita m\u00e4\u00e4rityksen asiantuntijoita.<\/p><p><strong>Pinnari<\/strong> on Bongariliiton j\u00e4senille pinnatietojen ilmoittamiseen ja monipuoliseen selaamiseen tehty k\u00e4ytt\u00f6liittym\u00e4. <a href=\"https:\/\/bongariliitto.fi\/index.php\/pinnari-ohjeet\/\">Ohjesivulla<\/a> on esitelty Pinnarin ominaisuuksia.<\/p><p><b>Ty\u00f6valiokunta<\/b> pyrkii ohjaamaan ja valvomaan j\u00e4senten k\u00e4ytt\u00e4ytymist\u00e4 maastossa, jotta bongauksesta ei aiheutuisi haittaa linnuille tai ymp\u00e4rist\u00f6lle. Joskus bongausta rajoitetaan esimerkiksi harvinaisten lajien pesim\u00e4rauhan varmistamiseksi.<\/p><p><b>Lintutiedotus<\/b> on Bongariliiton j\u00e4rjestelm\u00e4 havaintotietojen nopeaan v\u00e4litykseen. Lintutiedotus k\u00e4ytt\u00e4\u00e4 tiedon v\u00e4litykseen www-sivuja, s\u00e4hk\u00f6postia ja GSM-tekstiviestej\u00e4. Lintutiedotuksen j\u00e4senen tulee olla Bongariliiton j\u00e4sen.<\/p><p><b>Lintutiedotuksen johtoryhm\u00e4<\/b> laatii ilmoittamisohjeet ja valvoo niiden noudattamista.<\/p><p><b>Bongariverkko<\/b> on Bongariliiton tiedottamiseen ja j\u00e4senist\u00f6n sis\u00e4iseen keskusteluun tarkoitettu s\u00e4hk\u00f6postilista, joka toimii Yahoon ilmaisella s\u00e4hk\u00f6postilistapalvelimella. Listalle hyv\u00e4ksyt\u00e4\u00e4n vain Bongariliiton j\u00e4seni\u00e4.<\/p><p><b>Bongari-vuosikirjassa<\/b> julkaistaan muun muassa katsaus harvinaisuuksista ja niiden l\u00f6yt\u00f6tarinoita, m\u00e4\u00e4ritysartikkeleita, pinnatilastoja ym.<\/p><p><a href=\"https:\/\/bongariliitto.fi\/wp-content\/uploads\/2024\/01\/Vuosikirjoja.jpg\" rel=\"attachment wp-att-3481\"><img decoding=\"async\" loading=\"lazy\" class=\"wp-image-3481 size-large aligncenter\" src=\"https:\/\/bongariliitto.fi\/wp-content\/uploads\/2024\/01\/Vuosikirjoja-1024x495.jpg\" alt=\"\" width=\"800\" height=\"387\" data-wp-editing=\"1\" srcset=\"https:\/\/bongariliitto.fi\/wp-content\/uploads\/2024\/01\/Vuosikirjoja-1024x495.jpg 1024w, https:\/\/bongariliitto.fi\/wp-content\/uploads\/2024\/01\/Vuosikirjoja-300x145.jpg 300w, https:\/\/bongariliitto.fi\/wp-content\/uploads\/2024\/01\/Vuosikirjoja-768x371.jpg 768w, https:\/\/bongariliitto.fi\/wp-content\/uploads\/2024\/01\/Vuosikirjoja-1536x743.jpg 1536w, https:\/\/bongariliitto.fi\/wp-content\/uploads\/2024\/01\/Vuosikirjoja.jpg 1597w\" sizes=\"(max-width: 800px) 100vw, 800px\" \/><\/a><\/p><p>Bongari-vuosikirja postitetaan j\u00e4senille alkuvuodesta ja vanhoja numeroita p\u00e4\u00e4see lukemaan kotisivuilla kirjautumalla sis\u00e4\u00e4n Pinnari-tunnuksilla.<\/p>\t\t\t\t\t\t<\/div>\n\t\t\t\t<\/div>\n\t\t\t\t\t<\/div>\n\t\t<\/div>\n\t\t\t\t\t\t\t<\/div>\n\t\t<\/section>\n\t\t\t\t\t\t\t<\/div>\n\t\t","protected":false},"excerpt":{"rendered":"<p>Liity j\u00e4seneksi Klikkaa: https:\/\/rekisteri.birdlife.fi\/lomakkeet\/jasenyys Valitse j\u00e4senyhdistykseksi Bongariliitto Valitse j\u00e4sentyyppi kahdesta vaihtoehdosta: J\u00e4sen 37 \u20ac, jos haet vain j\u00e4senyytt\u00e4 J\u00e4sen ja Lintutiedotus 65 \u20ac, jos haet j\u00e4seneksi Bongariliittoon\u00a0ja haluat samalla liitty\u00e4\u00a0Lintutiedotukseen. Hyv\u00e4ksy sitoumus ennen j\u00e4senhakemuksen l\u00e4hett\u00e4mist\u00e4 \u00a0 Sitoumus: Hyv\u00e4ksyn Bongariliitto ry:n s\u00e4\u00e4nn\u00f6t ja sis\u00e4iset ohjeet tiet\u00e4en mihin n\u00e4m\u00e4 s\u00e4\u00e4nn\u00f6t ja sis\u00e4iset ohjeet minut velvoittavat ja sitoudun [&hellip;]<\/p>\n","protected":false},"author":1,"featured_media":0,"parent":0,"menu_order":0,"comment_status":"closed","ping_status":"closed","template":"elementor_header_footer","meta":{"_eb_attr":""},"categories":[],"tags":[],"folder":[121],"_links":{"self":[{"href":"https:\/\/bongariliitto.fi\/index.php\/wp-json\/wp\/v2\/pages\/366"}],"collection":[{"href":"https:\/\/bongariliitto.fi\/index.php\/wp-json\/wp\/v2\/pages"}],"about":[{"href":"https:\/\/bongariliitto.fi\/index.php\/wp-json\/wp\/v2\/types\/page"}],"author":[{"embeddable":true,"href":"https:\/\/bongariliitto.fi\/index.php\/wp-json\/wp\/v2\/users\/1"}],"replies":[{"embeddable":true,"href":"https:\/\/bongariliitto.fi\/index.php\/wp-json\/wp\/v2\/comments?post=366"}],"version-history":[{"count":70,"href":"https:\/\/bongariliitto.fi\/index.php\/wp-json\/wp\/v2\/pages\/366\/revisions"}],"predecessor-version":[{"id":4192,"href":"https:\/\/bongariliitto.fi\/index.php\/wp-json\/wp\/v2\/pages\/366\/revisions\/4192"}],"wp:attachment":[{"href":"https:\/\/bongariliitto.fi\/index.php\/wp-json\/wp\/v2\/media?parent=366"}],"wp:term":[{"taxonomy":"category","embeddable":true,"href":"https:\/\/bongariliitto.fi\/index.php\/wp-json\/wp\/v2\/categories?post=366"},{"taxonomy":"post_tag","embeddable":true,"href":"https:\/\/bongariliitto.fi\/index.php\/wp-json\/wp\/v2\/tags?post=366"},{"taxonomy":"folder","embeddable":true,"href":"https:\/\/bongariliitto.fi\/index.php\/wp-json\/wp\/v2\/folder?post=366"}],"curies":[{"name":"wp","href":"https:\/\/api.w.org\/{rel}","templated":true}]}}