{"id":374,"date":"2022-10-18T18:37:48","date_gmt":"2022-10-18T18:37:48","guid":{"rendered":"http:\/\/62.204.14.189\/?page_id=374"},"modified":"2022-11-02T13:39:03","modified_gmt":"2022-11-02T13:39:03","slug":"paivita-yhteystietosi","status":"publish","type":"page","link":"https:\/\/bongariliitto.fi\/index.php\/paivita-yhteystietosi\/","title":{"rendered":"P\u00e4ivit\u00e4 yhteystietosi"},"content":{"rendered":"\t\t<div data-elementor-type=\"wp-page\" data-elementor-id=\"374\" class=\"elementor elementor-374\">\n\t\t\t\t\t\t\t\t\t<section data-particle_enable=\"false\" data-particle-mobile-disabled=\"false\" class=\"ob-is-breaking-bad elementor-section elementor-top-section elementor-element elementor-element-c757ad2 elementor-section-boxed elementor-section-height-default elementor-section-height-default\" data-id=\"c757ad2\" data-element_type=\"section\" data-settings=\"{&quot;_ob_bbad_use_it&quot;:&quot;yes&quot;,&quot;_ob_bbad_sssic_use&quot;:&quot;no&quot;,&quot;_ob_glider_is_slider&quot;:&quot;no&quot;}\">\n\t\t\t\t\t\t<div class=\"elementor-container elementor-column-gap-default\">\n\t\t\t\t\t<div class=\"elementor-column elementor-col-100 elementor-top-column elementor-element elementor-element-07fa6cf\" data-id=\"07fa6cf\" data-element_type=\"column\" data-settings=\"{&quot;_ob_bbad_is_stalker&quot;:&quot;no&quot;,&quot;_ob_teleporter_use&quot;:false,&quot;_ob_column_hoveranimator&quot;:&quot;no&quot;,&quot;_ob_column_has_pseudo&quot;:&quot;no&quot;}\">\n\t\t\t<div class=\"elementor-widget-wrap elementor-element-populated\">\n\t\t\t\t\t\t\t\t<div class=\"elementor-element elementor-element-b5d7b65 ob-harakiri-inherit ob-has-background-overlay elementor-widget elementor-widget-heading\" data-id=\"b5d7b65\" data-element_type=\"widget\" data-settings=\"{&quot;_ob_use_harakiri&quot;:&quot;yes&quot;,&quot;_ob_harakiri_writing_mode&quot;:&quot;inherit&quot;,&quot;_ob_harakiri_text_clip&quot;:&quot;none&quot;,&quot;_ob_perspektive_use&quot;:&quot;no&quot;,&quot;_ob_poopart_use&quot;:&quot;yes&quot;,&quot;_ob_shadough_use&quot;:&quot;no&quot;,&quot;_ob_allow_hoveranimator&quot;:&quot;no&quot;,&quot;_ob_widget_stalker_use&quot;:&quot;no&quot;}\" data-widget_type=\"heading.default\">\n\t\t\t\t<div class=\"elementor-widget-container\">\n\t\t\t<style>\/*! elementor - v3.14.0 - 26-06-2023 *\/\n.elementor-heading-title{padding:0;margin:0;line-height:1}.elementor-widget-heading .elementor-heading-title[class*=elementor-size-]>a{color:inherit;font-size:inherit;line-height:inherit}.elementor-widget-heading .elementor-heading-title.elementor-size-small{font-size:15px}.elementor-widget-heading .elementor-heading-title.elementor-size-medium{font-size:19px}.elementor-widget-heading .elementor-heading-title.elementor-size-large{font-size:29px}.elementor-widget-heading .elementor-heading-title.elementor-size-xl{font-size:39px}.elementor-widget-heading .elementor-heading-title.elementor-size-xxl{font-size:59px}<\/style><h2 class=\"elementor-heading-title elementor-size-default\">Bongariliiton j\u00e4senen osoitemuutos<\/h2>\t\t<\/div>\n\t\t\t\t<\/div>\n\t\t\t\t<div class=\"elementor-element elementor-element-b909e04 ob-harakiri-inherit ob-has-background-overlay elementor-widget elementor-widget-text-editor\" data-id=\"b909e04\" data-element_type=\"widget\" data-settings=\"{&quot;_ob_use_harakiri&quot;:&quot;yes&quot;,&quot;_ob_harakiri_writing_mode&quot;:&quot;inherit&quot;,&quot;_ob_postman_use&quot;:&quot;no&quot;,&quot;_ob_perspektive_use&quot;:&quot;no&quot;,&quot;_ob_poopart_use&quot;:&quot;yes&quot;,&quot;_ob_shadough_use&quot;:&quot;no&quot;,&quot;_ob_allow_hoveranimator&quot;:&quot;no&quot;,&quot;_ob_widget_stalker_use&quot;:&quot;no&quot;}\" data-widget_type=\"text-editor.default\">\n\t\t\t\t<div class=\"elementor-widget-container\">\n\t\t\t<style>\/*! elementor - v3.14.0 - 26-06-2023 *\/\n.elementor-widget-text-editor.elementor-drop-cap-view-stacked .elementor-drop-cap{background-color:#69727d;color:#fff}.elementor-widget-text-editor.elementor-drop-cap-view-framed .elementor-drop-cap{color:#69727d;border:3px solid;background-color:transparent}.elementor-widget-text-editor:not(.elementor-drop-cap-view-default) .elementor-drop-cap{margin-top:8px}.elementor-widget-text-editor:not(.elementor-drop-cap-view-default) .elementor-drop-cap-letter{width:1em;height:1em}.elementor-widget-text-editor .elementor-drop-cap{float:left;text-align:center;line-height:1;font-size:50px}.elementor-widget-text-editor .elementor-drop-cap-letter{display:inline-block}<\/style>\t\t\t\t<p>Muuttuneet yhteystietosi saat ilmoitettua BirdLife Suomi ry:n sivuilla osoitteessa: <\/p>\n<p><a id=\"pwd_link_165_18d83e6132ca08e6eb8c02944b19cfa3\" title=\"\" href=\"http:\/\/rekisteri.birdlife.fi\/Lomakkeet\/osoitteenmuutos\" target=\"_blank\" rel=\"noopener\">rekisteri.birdlife.fi\/Lomakkeet\/osoitteenmuutos<\/a><\/p>\n<div>Vaihtoehtoisesti voit ilmoittaa ne s\u00e4hk\u00f6postitse osoitteeseen:\n<\/div>\n<p>j<b>asensihteeri(at)bongariliitto.fi<\/b><\/p>\n<p>My\u00f6s pelk\u00e4n s\u00e4hk\u00f6postiosoitteen muuttuminen kannattaa aina ilmoittaa, jos olet sallinut Bongariliiton s\u00e4hk\u00f6isen j\u00e4senpostituksen.<\/p>\t\t\t\t\t\t<\/div>\n\t\t\t\t<\/div>\n\t\t\t\t\t<\/div>\n\t\t<\/div>\n\t\t\t\t\t\t\t<\/div>\n\t\t<\/section>\n\t\t\t\t\t\t\t<\/div>\n\t\t","protected":false},"excerpt":{"rendered":"<p>Bongariliiton j\u00e4senen osoitemuutos Muuttuneet yhteystietosi saat ilmoitettua BirdLife Suomi ry:n sivuilla osoitteessa: rekisteri.birdlife.fi\/Lomakkeet\/osoitteenmuutos Vaihtoehtoisesti voit ilmoittaa ne s\u00e4hk\u00f6postitse osoitteeseen: jasensihteeri(at)bongariliitto.fi My\u00f6s pelk\u00e4n s\u00e4hk\u00f6postiosoitteen muuttuminen kannattaa aina ilmoittaa, jos olet sallinut Bongariliiton s\u00e4hk\u00f6isen j\u00e4senpostituksen.<\/p>\n","protected":false},"author":1,"featured_media":0,"parent":0,"menu_order":0,"comment_status":"closed","ping_status":"closed","template":"elementor_header_footer","meta":{"_eb_attr":""},"categories":[],"tags":[],"folder":[121],"_links":{"self":[{"href":"https:\/\/bongariliitto.fi\/index.php\/wp-json\/wp\/v2\/pages\/374"}],"collection":[{"href":"https:\/\/bongariliitto.fi\/index.php\/wp-json\/wp\/v2\/pages"}],"about":[{"href":"https:\/\/bongariliitto.fi\/index.php\/wp-json\/wp\/v2\/types\/page"}],"author":[{"embeddable":true,"href":"https:\/\/bongariliitto.fi\/index.php\/wp-json\/wp\/v2\/users\/1"}],"replies":[{"embeddable":true,"href":"https:\/\/bongariliitto.fi\/index.php\/wp-json\/wp\/v2\/comments?post=374"}],"version-history":[{"count":7,"href":"https:\/\/bongariliitto.fi\/index.php\/wp-json\/wp\/v2\/pages\/374\/revisions"}],"predecessor-version":[{"id":1695,"href":"https:\/\/bongariliitto.fi\/index.php\/wp-json\/wp\/v2\/pages\/374\/revisions\/1695"}],"wp:attachment":[{"href":"https:\/\/bongariliitto.fi\/index.php\/wp-json\/wp\/v2\/media?parent=374"}],"wp:term":[{"taxonomy":"category","embeddable":true,"href":"https:\/\/bongariliitto.fi\/index.php\/wp-json\/wp\/v2\/categories?post=374"},{"taxonomy":"post_tag","embeddable":true,"href":"https:\/\/bongariliitto.fi\/index.php\/wp-json\/wp\/v2\/tags?post=374"},{"taxonomy":"folder","embeddable":true,"href":"https:\/\/bongariliitto.fi\/index.php\/wp-json\/wp\/v2\/folder?post=374"}],"curies":[{"name":"wp","href":"https:\/\/api.w.org\/{rel}","templated":true}]}}