{"id":4163,"date":"2025-01-11T16:37:08","date_gmt":"2025-01-11T16:37:08","guid":{"rendered":"https:\/\/bongariliitto.fi\/?page_id=4163"},"modified":"2025-11-27T13:21:52","modified_gmt":"2025-11-27T13:21:52","slug":"vuoden-bongarit","status":"publish","type":"page","link":"https:\/\/bongariliitto.fi\/index.php\/vuoden-bongarit\/","title":{"rendered":"Vuoden bongarit"},"content":{"rendered":"\t\t<div data-elementor-type=\"wp-page\" data-elementor-id=\"4163\" class=\"elementor elementor-4163\">\n\t\t\t\t\t\t\t\t\t<section data-particle_enable=\"false\" data-particle-mobile-disabled=\"false\" class=\"ob-is-breaking-bad elementor-section elementor-top-section elementor-element elementor-element-2ea2dea elementor-section-boxed elementor-section-height-default elementor-section-height-default\" data-id=\"2ea2dea\" data-element_type=\"section\" data-settings=\"{&quot;_ob_bbad_use_it&quot;:&quot;yes&quot;,&quot;_ob_bbad_sssic_use&quot;:&quot;no&quot;,&quot;_ob_glider_is_slider&quot;:&quot;no&quot;}\">\n\t\t\t\t\t\t<div class=\"elementor-container elementor-column-gap-default\">\n\t\t\t\t\t<div class=\"elementor-column elementor-col-100 elementor-top-column elementor-element elementor-element-51e9906\" data-id=\"51e9906\" data-element_type=\"column\" data-settings=\"{&quot;_ob_bbad_is_stalker&quot;:&quot;no&quot;,&quot;_ob_teleporter_use&quot;:false,&quot;_ob_column_hoveranimator&quot;:&quot;no&quot;,&quot;_ob_column_has_pseudo&quot;:&quot;no&quot;}\">\n\t\t\t<div class=\"elementor-widget-wrap elementor-element-populated\">\n\t\t\t\t\t\t\t\t<div class=\"elementor-element elementor-element-1ae43da ob-has-background-overlay elementor-widget elementor-widget-image\" data-id=\"1ae43da\" data-element_type=\"widget\" data-settings=\"{&quot;_ob_photomorph_use&quot;:&quot;no&quot;,&quot;_ob_perspektive_use&quot;:&quot;no&quot;,&quot;_ob_poopart_use&quot;:&quot;yes&quot;,&quot;_ob_shadough_use&quot;:&quot;no&quot;,&quot;_ob_allow_hoveranimator&quot;:&quot;no&quot;,&quot;_ob_widget_stalker_use&quot;:&quot;no&quot;}\" data-widget_type=\"image.default\">\n\t\t\t\t<div class=\"elementor-widget-container\">\n\t\t\t<style>\/*! elementor - v3.14.0 - 26-06-2023 *\/\n.elementor-widget-image{text-align:center}.elementor-widget-image a{display:inline-block}.elementor-widget-image a img[src$=\".svg\"]{width:48px}.elementor-widget-image img{vertical-align:middle;display:inline-block}<\/style>\t\t\t\t\t\t\t\t\t<figure class=\"wp-caption\">\n\t\t\t\t\t\t\t\t\t\t<img decoding=\"async\" width=\"800\" height=\"563\" src=\"https:\/\/bongariliitto.fi\/wp-content\/uploads\/2025\/01\/Vuoden-bongari-taulu-1024x720.jpg\" class=\"attachment-large size-large wp-image-4203\" alt=\"\" loading=\"lazy\" srcset=\"https:\/\/bongariliitto.fi\/wp-content\/uploads\/2025\/01\/Vuoden-bongari-taulu-1024x720.jpg 1024w, https:\/\/bongariliitto.fi\/wp-content\/uploads\/2025\/01\/Vuoden-bongari-taulu-300x211.jpg 300w, https:\/\/bongariliitto.fi\/wp-content\/uploads\/2025\/01\/Vuoden-bongari-taulu-768x540.jpg 768w, https:\/\/bongariliitto.fi\/wp-content\/uploads\/2025\/01\/Vuoden-bongari-taulu-1536x1080.jpg 1536w, https:\/\/bongariliitto.fi\/wp-content\/uploads\/2025\/01\/Vuoden-bongari-taulu.jpg 2048w\" sizes=\"(max-width: 800px) 100vw, 800px\" \/>\t\t\t\t\t\t\t\t\t\t\t<figcaption class=\"widget-image-caption wp-caption-text\">Vuoden bongari -kiertopalkinto (Dick Forsman)<\/figcaption>\n\t\t\t\t\t\t\t\t\t\t<\/figure>\n\t\t\t\t\t\t\t\t\t<\/div>\n\t\t\t\t<\/div>\n\t\t\t\t\t<\/div>\n\t\t<\/div>\n\t\t\t\t\t\t\t<\/div>\n\t\t<\/section>\n\t\t\t\t<section data-particle_enable=\"false\" data-particle-mobile-disabled=\"false\" class=\"ob-is-breaking-bad elementor-section elementor-top-section elementor-element elementor-element-547d130 elementor-section-boxed elementor-section-height-default elementor-section-height-default\" data-id=\"547d130\" data-element_type=\"section\" data-settings=\"{&quot;_ob_bbad_use_it&quot;:&quot;yes&quot;,&quot;_ob_bbad_sssic_use&quot;:&quot;no&quot;,&quot;_ob_glider_is_slider&quot;:&quot;no&quot;}\">\n\t\t\t\t\t\t<div class=\"elementor-container elementor-column-gap-default\">\n\t\t\t\t\t<div class=\"elementor-column elementor-col-100 elementor-top-column elementor-element elementor-element-760b169\" data-id=\"760b169\" data-element_type=\"column\" data-settings=\"{&quot;_ob_bbad_is_stalker&quot;:&quot;no&quot;,&quot;_ob_teleporter_use&quot;:false,&quot;_ob_column_hoveranimator&quot;:&quot;no&quot;,&quot;_ob_column_has_pseudo&quot;:&quot;no&quot;}\">\n\t\t\t<div class=\"elementor-widget-wrap elementor-element-populated\">\n\t\t\t\t\t\t\t\t<div class=\"elementor-element elementor-element-706fb0b ob-harakiri-inherit ob-has-background-overlay elementor-widget elementor-widget-text-editor\" data-id=\"706fb0b\" data-element_type=\"widget\" data-settings=\"{&quot;_ob_use_harakiri&quot;:&quot;yes&quot;,&quot;_ob_harakiri_writing_mode&quot;:&quot;inherit&quot;,&quot;_ob_postman_use&quot;:&quot;no&quot;,&quot;_ob_perspektive_use&quot;:&quot;no&quot;,&quot;_ob_poopart_use&quot;:&quot;yes&quot;,&quot;_ob_shadough_use&quot;:&quot;no&quot;,&quot;_ob_allow_hoveranimator&quot;:&quot;no&quot;,&quot;_ob_widget_stalker_use&quot;:&quot;no&quot;}\" data-widget_type=\"text-editor.default\">\n\t\t\t\t<div class=\"elementor-widget-container\">\n\t\t\t<style>\/*! elementor - v3.14.0 - 26-06-2023 *\/\n.elementor-widget-text-editor.elementor-drop-cap-view-stacked .elementor-drop-cap{background-color:#69727d;color:#fff}.elementor-widget-text-editor.elementor-drop-cap-view-framed .elementor-drop-cap{color:#69727d;border:3px solid;background-color:transparent}.elementor-widget-text-editor:not(.elementor-drop-cap-view-default) .elementor-drop-cap{margin-top:8px}.elementor-widget-text-editor:not(.elementor-drop-cap-view-default) .elementor-drop-cap-letter{width:1em;height:1em}.elementor-widget-text-editor .elementor-drop-cap{float:left;text-align:center;line-height:1;font-size:50px}.elementor-widget-text-editor .elementor-drop-cap-letter{display:inline-block}<\/style>\t\t\t\t<p>Hannu J\u00e4nnes 1988<br \/>Lauri Toivari 1989<br \/>Tapani Veistola 1990<br \/>Annika Forsten 1991<br \/>Dick Forsman 1992<br \/>Kari Karhu 1993<br \/>Hannu Velmala 1994<br \/>Jorma ja Markku Vickholm sek\u00e4 Jouni Riihel\u00e4 1995<br \/>Seppo Pudas 1996<br \/>Pekka Komi 1997<br \/>Karno Mikkola 1998<br \/>Jari Nummelin 1999<br \/>Antti Pesola 2000<br \/>Mika I. Koskinen 2001<br \/>Raimo Palmu 2002<br \/>Heikki Luoto 2003<br \/>Markku Kangasniemi 2004<br \/>Jouni Riihim\u00e4ki 2005<br \/>Pirkka Aalto 2006<br \/>Petteri M\u00e4kel\u00e4 2007<br \/>Janne Aalto 2008<br \/>Kari Korhonen 2009<br \/>Ari Linna 2010<br \/>Markku Santamaa 2011<br \/>Pekka Alho 2012<br \/>Tero Linjama 2013<br \/>Eino Hiekkanen 2014<br \/>Hannu R\u00f6nkk\u00f6 2015<br \/>Olavi Kemppainen 2016<br \/>Mika Bruun 2017<br \/>Jukka Sillanp\u00e4\u00e4 2018<br \/>J\u00f6rgen Palmgren 2019<br \/>Juha Kyl\u00e4np\u00e4\u00e4 2020<br \/>Roni V\u00e4is\u00e4nen 2021<br \/>Mika Teivonen 2022<br \/>Kalle Hiekkanen 2023<br \/>Pekka Komi 2024<br \/>Christa Granroth 2025<\/p>\t\t\t\t\t\t<\/div>\n\t\t\t\t<\/div>\n\t\t\t\t\t<\/div>\n\t\t<\/div>\n\t\t\t\t\t\t\t<\/div>\n\t\t<\/section>\n\t\t\t\t\t\t\t<\/div>\n\t\t","protected":false},"excerpt":{"rendered":"<p>Vuoden bongari -kiertopalkinto (Dick Forsman) Hannu J\u00e4nnes 1988Lauri Toivari 1989Tapani Veistola 1990Annika Forsten 1991Dick Forsman 1992Kari Karhu 1993Hannu Velmala 1994Jorma ja Markku Vickholm sek\u00e4 Jouni Riihel\u00e4 1995Seppo Pudas 1996Pekka Komi 1997Karno Mikkola 1998Jari Nummelin 1999Antti Pesola 2000Mika I. Koskinen 2001Raimo Palmu 2002Heikki Luoto 2003Markku Kangasniemi 2004Jouni Riihim\u00e4ki 2005Pirkka Aalto 2006Petteri M\u00e4kel\u00e4 2007Janne Aalto 2008Kari Korhonen [&hellip;]<\/p>\n","protected":false},"author":4,"featured_media":0,"parent":0,"menu_order":0,"comment_status":"closed","ping_status":"closed","template":"","meta":{"_eb_attr":""},"categories":[],"tags":[],"folder":[],"_links":{"self":[{"href":"https:\/\/bongariliitto.fi\/index.php\/wp-json\/wp\/v2\/pages\/4163"}],"collection":[{"href":"https:\/\/bongariliitto.fi\/index.php\/wp-json\/wp\/v2\/pages"}],"about":[{"href":"https:\/\/bongariliitto.fi\/index.php\/wp-json\/wp\/v2\/types\/page"}],"author":[{"embeddable":true,"href":"https:\/\/bongariliitto.fi\/index.php\/wp-json\/wp\/v2\/users\/4"}],"replies":[{"embeddable":true,"href":"https:\/\/bongariliitto.fi\/index.php\/wp-json\/wp\/v2\/comments?post=4163"}],"version-history":[{"count":25,"href":"https:\/\/bongariliitto.fi\/index.php\/wp-json\/wp\/v2\/pages\/4163\/revisions"}],"predecessor-version":[{"id":4780,"href":"https:\/\/bongariliitto.fi\/index.php\/wp-json\/wp\/v2\/pages\/4163\/revisions\/4780"}],"wp:attachment":[{"href":"https:\/\/bongariliitto.fi\/index.php\/wp-json\/wp\/v2\/media?parent=4163"}],"wp:term":[{"taxonomy":"category","embeddable":true,"href":"https:\/\/bongariliitto.fi\/index.php\/wp-json\/wp\/v2\/categories?post=4163"},{"taxonomy":"post_tag","embeddable":true,"href":"https:\/\/bongariliitto.fi\/index.php\/wp-json\/wp\/v2\/tags?post=4163"},{"taxonomy":"folder","embeddable":true,"href":"https:\/\/bongariliitto.fi\/index.php\/wp-json\/wp\/v2\/folder?post=4163"}],"curies":[{"name":"wp","href":"https:\/\/api.w.org\/{rel}","templated":true}]}}