{"id":439,"date":"2022-10-19T19:36:27","date_gmt":"2022-10-19T19:36:27","guid":{"rendered":"http:\/\/62.204.14.189\/?page_id=439"},"modified":"2022-11-02T13:51:19","modified_gmt":"2022-11-02T13:51:19","slug":"bongariverkko","status":"publish","type":"page","link":"https:\/\/bongariliitto.fi\/index.php\/bongariverkko\/","title":{"rendered":"Bongariverkko"},"content":{"rendered":"\t\t<div data-elementor-type=\"wp-page\" data-elementor-id=\"439\" class=\"elementor elementor-439\">\n\t\t\t\t\t\t\t\t\t<section data-particle_enable=\"false\" data-particle-mobile-disabled=\"false\" class=\"ob-is-breaking-bad elementor-section elementor-top-section elementor-element elementor-element-4d79bef elementor-section-boxed elementor-section-height-default elementor-section-height-default\" data-id=\"4d79bef\" data-element_type=\"section\" data-settings=\"{&quot;_ob_bbad_use_it&quot;:&quot;yes&quot;,&quot;_ob_bbad_sssic_use&quot;:&quot;no&quot;,&quot;_ob_glider_is_slider&quot;:&quot;no&quot;}\">\n\t\t\t\t\t\t<div class=\"elementor-container elementor-column-gap-default\">\n\t\t\t\t\t<div class=\"elementor-column elementor-col-100 elementor-top-column elementor-element elementor-element-8c71f99\" data-id=\"8c71f99\" data-element_type=\"column\" data-settings=\"{&quot;_ob_bbad_is_stalker&quot;:&quot;no&quot;,&quot;_ob_teleporter_use&quot;:false,&quot;_ob_column_hoveranimator&quot;:&quot;no&quot;,&quot;_ob_column_has_pseudo&quot;:&quot;no&quot;}\">\n\t\t\t<div class=\"elementor-widget-wrap elementor-element-populated\">\n\t\t\t\t\t\t\t\t<div class=\"elementor-element elementor-element-0076d81 ob-harakiri-inherit ob-has-background-overlay elementor-widget elementor-widget-heading\" data-id=\"0076d81\" data-element_type=\"widget\" data-settings=\"{&quot;_ob_use_harakiri&quot;:&quot;yes&quot;,&quot;_ob_harakiri_writing_mode&quot;:&quot;inherit&quot;,&quot;_ob_harakiri_text_clip&quot;:&quot;none&quot;,&quot;_ob_perspektive_use&quot;:&quot;no&quot;,&quot;_ob_poopart_use&quot;:&quot;yes&quot;,&quot;_ob_shadough_use&quot;:&quot;no&quot;,&quot;_ob_allow_hoveranimator&quot;:&quot;no&quot;,&quot;_ob_widget_stalker_use&quot;:&quot;no&quot;}\" data-widget_type=\"heading.default\">\n\t\t\t\t<div class=\"elementor-widget-container\">\n\t\t\t<style>\/*! elementor - v3.14.0 - 26-06-2023 *\/\n.elementor-heading-title{padding:0;margin:0;line-height:1}.elementor-widget-heading .elementor-heading-title[class*=elementor-size-]>a{color:inherit;font-size:inherit;line-height:inherit}.elementor-widget-heading .elementor-heading-title.elementor-size-small{font-size:15px}.elementor-widget-heading .elementor-heading-title.elementor-size-medium{font-size:19px}.elementor-widget-heading .elementor-heading-title.elementor-size-large{font-size:29px}.elementor-widget-heading .elementor-heading-title.elementor-size-xl{font-size:39px}.elementor-widget-heading .elementor-heading-title.elementor-size-xxl{font-size:59px}<\/style><h2 class=\"elementor-heading-title elementor-size-default\">Bongariverkko<\/h2>\t\t<\/div>\n\t\t\t\t<\/div>\n\t\t\t\t<div class=\"elementor-element elementor-element-908db08 ob-harakiri-inherit ob-has-background-overlay elementor-widget elementor-widget-text-editor\" data-id=\"908db08\" data-element_type=\"widget\" data-settings=\"{&quot;_ob_use_harakiri&quot;:&quot;yes&quot;,&quot;_ob_harakiri_writing_mode&quot;:&quot;inherit&quot;,&quot;_ob_postman_use&quot;:&quot;no&quot;,&quot;_ob_perspektive_use&quot;:&quot;no&quot;,&quot;_ob_poopart_use&quot;:&quot;yes&quot;,&quot;_ob_shadough_use&quot;:&quot;no&quot;,&quot;_ob_allow_hoveranimator&quot;:&quot;no&quot;,&quot;_ob_widget_stalker_use&quot;:&quot;no&quot;}\" data-widget_type=\"text-editor.default\">\n\t\t\t\t<div class=\"elementor-widget-container\">\n\t\t\t<style>\/*! elementor - v3.14.0 - 26-06-2023 *\/\n.elementor-widget-text-editor.elementor-drop-cap-view-stacked .elementor-drop-cap{background-color:#69727d;color:#fff}.elementor-widget-text-editor.elementor-drop-cap-view-framed .elementor-drop-cap{color:#69727d;border:3px solid;background-color:transparent}.elementor-widget-text-editor:not(.elementor-drop-cap-view-default) .elementor-drop-cap{margin-top:8px}.elementor-widget-text-editor:not(.elementor-drop-cap-view-default) .elementor-drop-cap-letter{width:1em;height:1em}.elementor-widget-text-editor .elementor-drop-cap{float:left;text-align:center;line-height:1;font-size:50px}.elementor-widget-text-editor .elementor-drop-cap-letter{display:inline-block}<\/style>\t\t\t\t<h4><b>Listalle liittyminen<\/b><\/h4>\n<div>\n<ol>\n \t<li>Liittymispyynn\u00f6n voi l\u00e4hett\u00e4\u00e4 osoitteessa <a id=\"pwd_link_185_31293ca23a2a29fb7b2e937e44b3c603\" class=\"externallink\" title=\"https:\/\/groups.google.com\/g\/bongariverkko\" href=\"https:\/\/groups.google.com\/g\/bongariverkko\" target=\"_self\">https:\/\/groups.google.com\/g\/bongariverkko<\/a><\/li>\n \t<li>Vaihtoehtoisesti voit l\u00e4hett\u00e4\u00e4 tyhj\u00e4n viestin osoitteeseen bongariverkko+subscribe@googlegroups.com. Saat s\u00e4hk\u00f6postiisi linkin, jonka kautta saat l\u00e4hetetty\u00e4 pyynn\u00f6n liitty\u00e4 ryhm\u00e4\u00e4n<\/li>\n \t<li>Jos, et omista Gmail-tili\u00e4 ja haluat liitty\u00e4, niin l\u00e4het\u00e4 viesti osoitteeseen sihteeri(at)bongariliitto.fi, niin sihteeri lis\u00e4\u00e4 hakijan uudelle listalle<\/li>\n<\/ol>\n<ul>\n \t<li><i>Bongariverkon tilaajilla ei tarvitse olla Gmail-osoitetta tai Google-tili\u00e4<\/i><\/li>\n \t<li><i>Bongariverkkoon hyv\u00e4ksyt\u00e4\u00e4n vain Bongariliiton j\u00e4senet<\/i><\/li>\n \t<li><b><i>Jos nimesi ei k\u00e4y ilmi s\u00e4hk\u00f6postiosoitteessasi, niin l\u00e4het\u00e4 nimesi sihteerille, jotta j\u00e4senyys voidaan varmistaa<\/i><\/b><\/li>\n<\/ul>\n<h4><b>Viestien l\u00e4hetys<\/b><\/h4>\nBongariverkkoon tarkoitetut viestit l\u00e4hetet\u00e4\u00e4n osoitteeseen bongariverkko (\u00e4t) googlegroups.com. L\u00e4hetett\u00e4vien viestien suositellaan olevan lyhyit\u00e4. Pitkiss\u00e4 keskusteluketjuissa on huomaavaista poistaa vastausviestist\u00e4 siihen kertyneet vanhat viestit niilt\u00e4 osin kun ne eiv\u00e4t liity omaan viestiisi. Keskustelu Bongariverkossa tapahtuu omalla nimell\u00e4.\n<h4><b>Eroaminen<\/b><\/h4>\n<ol>\n \t<li>L\u00e4het\u00e4 tyhj\u00e4 viesti ilman otsikkoa siit\u00e4 s\u00e4hk\u00f6postiosoitteesta, jolla listalta haluat poistua osoitteeseen: bongariverkko+unsubscribe@googlegroups.com.<\/li>\n \t<li>Muutaman minuutin kuluttua saat vahvistusviestin siit\u00e4, ett\u00e4 s\u00e4hk\u00f6postilistalta poistuminen on onnistunut.<\/li>\n<\/ol>\n&nbsp;\n<h4><b>Osoitteen vaihto<\/b><\/h4>\nJos s\u00e4hk\u00f6postiosoitteesi muuttuu, eroa s\u00e4hk\u00f6postilistalta vanhalla osoitteellasi ja liity s\u00e4hk\u00f6postilistalle uudella osoitteellasi. Moderaattorit eiv\u00e4t tee osoitteenmuutoksia, vaan jokaisen on teht\u00e4v\u00e4 se itse.\n\nBongariverkkoon voi l\u00e4hett\u00e4\u00e4 viestej\u00e4 vain s\u00e4hk\u00f6postiosoitteesta, jolla on liitytty Bongariverkkoon.\n\nMuista <a href=\"http:\/\/www.internetopas.com\/netiketti\/\" target=\"_blank\" rel=\"noopener\">netiketti!<\/a>\n\n<\/div>\t\t\t\t\t\t<\/div>\n\t\t\t\t<\/div>\n\t\t\t\t\t<\/div>\n\t\t<\/div>\n\t\t\t\t\t\t\t<\/div>\n\t\t<\/section>\n\t\t\t\t\t\t\t<\/div>\n\t\t","protected":false},"excerpt":{"rendered":"<p>Bongariverkko Listalle liittyminen Liittymispyynn\u00f6n voi l\u00e4hett\u00e4\u00e4 osoitteessa https:\/\/groups.google.com\/g\/bongariverkko Vaihtoehtoisesti voit l\u00e4hett\u00e4\u00e4 tyhj\u00e4n viestin osoitteeseen bongariverkko+subscribe@googlegroups.com. Saat s\u00e4hk\u00f6postiisi linkin, jonka kautta saat l\u00e4hetetty\u00e4 pyynn\u00f6n liitty\u00e4 ryhm\u00e4\u00e4n Jos, et omista Gmail-tili\u00e4 ja haluat liitty\u00e4, niin l\u00e4het\u00e4 viesti osoitteeseen sihteeri(at)bongariliitto.fi, niin sihteeri lis\u00e4\u00e4 hakijan uudelle listalle Bongariverkon tilaajilla ei tarvitse olla Gmail-osoitetta tai Google-tili\u00e4 Bongariverkkoon hyv\u00e4ksyt\u00e4\u00e4n vain Bongariliiton [&hellip;]<\/p>\n","protected":false},"author":1,"featured_media":0,"parent":0,"menu_order":0,"comment_status":"closed","ping_status":"closed","template":"elementor_header_footer","meta":{"_eb_attr":""},"categories":[],"tags":[],"folder":[121],"_links":{"self":[{"href":"https:\/\/bongariliitto.fi\/index.php\/wp-json\/wp\/v2\/pages\/439"}],"collection":[{"href":"https:\/\/bongariliitto.fi\/index.php\/wp-json\/wp\/v2\/pages"}],"about":[{"href":"https:\/\/bongariliitto.fi\/index.php\/wp-json\/wp\/v2\/types\/page"}],"author":[{"embeddable":true,"href":"https:\/\/bongariliitto.fi\/index.php\/wp-json\/wp\/v2\/users\/1"}],"replies":[{"embeddable":true,"href":"https:\/\/bongariliitto.fi\/index.php\/wp-json\/wp\/v2\/comments?post=439"}],"version-history":[{"count":7,"href":"https:\/\/bongariliitto.fi\/index.php\/wp-json\/wp\/v2\/pages\/439\/revisions"}],"predecessor-version":[{"id":1713,"href":"https:\/\/bongariliitto.fi\/index.php\/wp-json\/wp\/v2\/pages\/439\/revisions\/1713"}],"wp:attachment":[{"href":"https:\/\/bongariliitto.fi\/index.php\/wp-json\/wp\/v2\/media?parent=439"}],"wp:term":[{"taxonomy":"category","embeddable":true,"href":"https:\/\/bongariliitto.fi\/index.php\/wp-json\/wp\/v2\/categories?post=439"},{"taxonomy":"post_tag","embeddable":true,"href":"https:\/\/bongariliitto.fi\/index.php\/wp-json\/wp\/v2\/tags?post=439"},{"taxonomy":"folder","embeddable":true,"href":"https:\/\/bongariliitto.fi\/index.php\/wp-json\/wp\/v2\/folder?post=439"}],"curies":[{"name":"wp","href":"https:\/\/api.w.org\/{rel}","templated":true}]}}