{"id":454,"date":"2022-10-19T19:50:36","date_gmt":"2022-10-19T19:50:36","guid":{"rendered":"http:\/\/62.204.14.189\/?page_id=454"},"modified":"2023-06-07T15:07:48","modified_gmt":"2023-06-07T15:07:48","slug":"retkikertomukset","status":"publish","type":"page","link":"https:\/\/bongariliitto.fi\/index.php\/retkikertomukset\/","title":{"rendered":"Retkikertomukset"},"content":{"rendered":"\t\t<div data-elementor-type=\"wp-page\" data-elementor-id=\"454\" class=\"elementor elementor-454\">\n\t\t\t\t\t\t\t\t\t<section data-particle_enable=\"false\" data-particle-mobile-disabled=\"false\" class=\"ob-is-breaking-bad elementor-section elementor-top-section elementor-element elementor-element-008158b elementor-section-boxed elementor-section-height-default elementor-section-height-default\" data-id=\"008158b\" data-element_type=\"section\" data-settings=\"{&quot;_ob_bbad_use_it&quot;:&quot;yes&quot;,&quot;_ob_bbad_sssic_use&quot;:&quot;no&quot;,&quot;_ob_glider_is_slider&quot;:&quot;no&quot;}\">\n\t\t\t\t\t\t<div class=\"elementor-container elementor-column-gap-default\">\n\t\t\t\t\t<div class=\"elementor-column elementor-col-100 elementor-top-column elementor-element elementor-element-b9e5345\" data-id=\"b9e5345\" data-element_type=\"column\" data-settings=\"{&quot;_ob_bbad_is_stalker&quot;:&quot;no&quot;,&quot;_ob_teleporter_use&quot;:false,&quot;_ob_column_hoveranimator&quot;:&quot;no&quot;,&quot;_ob_column_has_pseudo&quot;:&quot;no&quot;}\">\n\t\t\t<div class=\"elementor-widget-wrap elementor-element-populated\">\n\t\t\t\t\t\t\t\t<div class=\"elementor-element elementor-element-423d1c9 ob-harakiri-inherit ob-has-background-overlay elementor-widget elementor-widget-heading\" data-id=\"423d1c9\" data-element_type=\"widget\" data-settings=\"{&quot;_ob_use_harakiri&quot;:&quot;yes&quot;,&quot;_ob_harakiri_writing_mode&quot;:&quot;inherit&quot;,&quot;_ob_harakiri_text_clip&quot;:&quot;none&quot;,&quot;_ob_perspektive_use&quot;:&quot;no&quot;,&quot;_ob_poopart_use&quot;:&quot;yes&quot;,&quot;_ob_shadough_use&quot;:&quot;no&quot;,&quot;_ob_allow_hoveranimator&quot;:&quot;no&quot;,&quot;_ob_widget_stalker_use&quot;:&quot;no&quot;}\" data-widget_type=\"heading.default\">\n\t\t\t\t<div class=\"elementor-widget-container\">\n\t\t\t<style>\/*! elementor - v3.14.0 - 26-06-2023 *\/\n.elementor-heading-title{padding:0;margin:0;line-height:1}.elementor-widget-heading .elementor-heading-title[class*=elementor-size-]>a{color:inherit;font-size:inherit;line-height:inherit}.elementor-widget-heading .elementor-heading-title.elementor-size-small{font-size:15px}.elementor-widget-heading .elementor-heading-title.elementor-size-medium{font-size:19px}.elementor-widget-heading .elementor-heading-title.elementor-size-large{font-size:29px}.elementor-widget-heading .elementor-heading-title.elementor-size-xl{font-size:39px}.elementor-widget-heading .elementor-heading-title.elementor-size-xxl{font-size:59px}<\/style><h2 class=\"elementor-heading-title elementor-size-default\">Retkikertomukset<\/h2>\t\t<\/div>\n\t\t\t\t<\/div>\n\t\t\t\t<div class=\"elementor-element elementor-element-935d2c8 ob-harakiri-inherit ob-has-background-overlay elementor-widget elementor-widget-text-editor\" data-id=\"935d2c8\" data-element_type=\"widget\" data-settings=\"{&quot;_ob_use_harakiri&quot;:&quot;yes&quot;,&quot;_ob_harakiri_writing_mode&quot;:&quot;inherit&quot;,&quot;_ob_postman_use&quot;:&quot;no&quot;,&quot;_ob_perspektive_use&quot;:&quot;no&quot;,&quot;_ob_poopart_use&quot;:&quot;yes&quot;,&quot;_ob_shadough_use&quot;:&quot;no&quot;,&quot;_ob_allow_hoveranimator&quot;:&quot;no&quot;,&quot;_ob_widget_stalker_use&quot;:&quot;no&quot;}\" data-widget_type=\"text-editor.default\">\n\t\t\t\t<div class=\"elementor-widget-container\">\n\t\t\t<style>\/*! elementor - v3.14.0 - 26-06-2023 *\/\n.elementor-widget-text-editor.elementor-drop-cap-view-stacked .elementor-drop-cap{background-color:#69727d;color:#fff}.elementor-widget-text-editor.elementor-drop-cap-view-framed .elementor-drop-cap{color:#69727d;border:3px solid;background-color:transparent}.elementor-widget-text-editor:not(.elementor-drop-cap-view-default) .elementor-drop-cap{margin-top:8px}.elementor-widget-text-editor:not(.elementor-drop-cap-view-default) .elementor-drop-cap-letter{width:1em;height:1em}.elementor-widget-text-editor .elementor-drop-cap{float:left;text-align:center;line-height:1;font-size:50px}.elementor-widget-text-editor .elementor-drop-cap-letter{display:inline-block}<\/style>\t\t\t\t<h4>Eurooppa<\/h4><p><a id=\"pwd_internal_link_98:fi:www_530d1c8388c714e6353a11407be1c1de\" title=\"Eurooppa\" href=\"http:\/\/bongariliitto.fi\/index.php\/eurooppa\/\">Euroopan <\/a>retkikertomukset.<\/p><h4>Aasia<\/h4><p><a id=\"pwd_internal_link_94:fi:www_272d21a349e79c8cec8d77b3044b4d40\" title=\"Aasia\" href=\"http:\/\/bongariliitto.fi\/index.php\/aasia\/\">Aasian alueen <\/a>retkikertomukset. Aasiaan luetaan my\u00f6s Indonesia.<\/p><h4>Afrikka<\/h4><p><a id=\"pwd_internal_link_95:fi:www_403170e97ae353bdc4396e2267dab521\" title=\"Afrikka\" href=\"http:\/\/bongariliitto.fi\/index.php\/afrikka\/\">Afrikan mantereen<\/a> retkikertomukset. Ei sis\u00e4ll\u00e4 Makaronesian Afrikkaan kuuluvien saarien raportteja.<\/p><h4>Pohjois-Amerikka<\/h4><p><a id=\"pwd_internal_link_102:fi:www_c938113488ccc118a44530c621cbdd15\" title=\"Pohjois-Amerikka ja Gr\u00f6nlanti\" href=\"http:\/\/bongariliitto.fi\/index.php\/pohjois-amerikka-ja-gronlanti\/\">Pohjois-Amerikan<\/a> ja Gr\u00f6nlannin retkikertomukset.<\/p><h4>V\u00e4li-Amerikka<\/h4><p><a id=\"pwd_internal_link_100:fi:www_83ed60dbc43db323221b1150dac1c2ce\" title=\"V\u00e4li-Amerikka\" href=\"http:\/\/bongariliitto.fi\/index.php\/vali-amerikka\/\">V\u00e4li-Amerikan<\/a> ja Karibian saarivaltioiden retkikertomukset.<\/p><h4>Etel\u00e4-Amerikka<\/h4><p><a id=\"pwd_internal_link_99:fi:www_c53e18160b5581b74738240a78dcb795\" title=\"Etel\u00e4-Amerikka\" href=\"http:\/\/bongariliitto.fi\/index.php\/etela-amerikka\/\">Etel\u00e4-Amerikan<\/a> retkikertomukset.<\/p><h4>Australasia ja Oseania<\/h4><p><a id=\"pwd_internal_link_97:fi:www_886209149179e9a758dda616175c9c6d\" title=\"Australasia ja Oseania\" href=\"http:\/\/bongariliitto.fi\/index.php\/australasia-ja-osenia\/\">Australasian ja Oseanian <\/a>retkikertomukset. Sis\u00e4lt\u00e4\u00e4 Tyynen valtameren saaret.<\/p><h4>Antarktis<\/h4><p><a id=\"pwd_internal_link_103:fi:www_6339d7122be1874ede7581eb42d47996\" title=\"Antarktis\" href=\"http:\/\/bongariliitto.fi\/index.php\/antarktis\/\">Antarktiksen<\/a> retkikertomuset.<\/p>\t\t\t\t\t\t<\/div>\n\t\t\t\t<\/div>\n\t\t\t\t\t<\/div>\n\t\t<\/div>\n\t\t\t\t\t\t\t<\/div>\n\t\t<\/section>\n\t\t\t\t\t\t\t<\/div>\n\t\t","protected":false},"excerpt":{"rendered":"<p>Retkikertomukset Eurooppa Euroopan retkikertomukset. Aasia Aasian alueen retkikertomukset. Aasiaan luetaan my\u00f6s Indonesia. Afrikka Afrikan mantereen retkikertomukset. Ei sis\u00e4ll\u00e4 Makaronesian Afrikkaan kuuluvien saarien raportteja. Pohjois-Amerikka Pohjois-Amerikan ja Gr\u00f6nlannin retkikertomukset. V\u00e4li-Amerikka V\u00e4li-Amerikan ja Karibian saarivaltioiden retkikertomukset. Etel\u00e4-Amerikka Etel\u00e4-Amerikan retkikertomukset. Australasia ja Oseania Australasian ja Oseanian retkikertomukset. Sis\u00e4lt\u00e4\u00e4 Tyynen valtameren saaret. Antarktis Antarktiksen retkikertomuset.<\/p>\n","protected":false},"author":1,"featured_media":0,"parent":0,"menu_order":0,"comment_status":"closed","ping_status":"closed","template":"elementor_header_footer","meta":{"_eb_attr":""},"categories":[],"tags":[],"folder":[120],"_links":{"self":[{"href":"https:\/\/bongariliitto.fi\/index.php\/wp-json\/wp\/v2\/pages\/454"}],"collection":[{"href":"https:\/\/bongariliitto.fi\/index.php\/wp-json\/wp\/v2\/pages"}],"about":[{"href":"https:\/\/bongariliitto.fi\/index.php\/wp-json\/wp\/v2\/types\/page"}],"author":[{"embeddable":true,"href":"https:\/\/bongariliitto.fi\/index.php\/wp-json\/wp\/v2\/users\/1"}],"replies":[{"embeddable":true,"href":"https:\/\/bongariliitto.fi\/index.php\/wp-json\/wp\/v2\/comments?post=454"}],"version-history":[{"count":23,"href":"https:\/\/bongariliitto.fi\/index.php\/wp-json\/wp\/v2\/pages\/454\/revisions"}],"predecessor-version":[{"id":2059,"href":"https:\/\/bongariliitto.fi\/index.php\/wp-json\/wp\/v2\/pages\/454\/revisions\/2059"}],"wp:attachment":[{"href":"https:\/\/bongariliitto.fi\/index.php\/wp-json\/wp\/v2\/media?parent=454"}],"wp:term":[{"taxonomy":"category","embeddable":true,"href":"https:\/\/bongariliitto.fi\/index.php\/wp-json\/wp\/v2\/categories?post=454"},{"taxonomy":"post_tag","embeddable":true,"href":"https:\/\/bongariliitto.fi\/index.php\/wp-json\/wp\/v2\/tags?post=454"},{"taxonomy":"folder","embeddable":true,"href":"https:\/\/bongariliitto.fi\/index.php\/wp-json\/wp\/v2\/folder?post=454"}],"curies":[{"name":"wp","href":"https:\/\/api.w.org\/{rel}","templated":true}]}}