{"id":479,"date":"2022-10-20T12:52:21","date_gmt":"2022-10-20T12:52:21","guid":{"rendered":"http:\/\/62.204.14.189\/?page_id=479"},"modified":"2022-10-20T12:53:22","modified_gmt":"2022-10-20T12:53:22","slug":"linkit","status":"publish","type":"page","link":"https:\/\/bongariliitto.fi\/index.php\/linkit\/","title":{"rendered":"Linkit"},"content":{"rendered":"\t\t<div data-elementor-type=\"wp-page\" data-elementor-id=\"479\" class=\"elementor elementor-479\">\n\t\t\t\t\t\t\t\t\t<section data-particle_enable=\"false\" data-particle-mobile-disabled=\"false\" class=\"ob-is-breaking-bad elementor-section elementor-top-section elementor-element elementor-element-6939999 elementor-section-boxed elementor-section-height-default elementor-section-height-default\" data-id=\"6939999\" data-element_type=\"section\" data-settings=\"{&quot;_ob_bbad_use_it&quot;:&quot;yes&quot;,&quot;_ob_bbad_sssic_use&quot;:&quot;no&quot;,&quot;_ob_glider_is_slider&quot;:&quot;no&quot;}\">\n\t\t\t\t\t\t<div class=\"elementor-container elementor-column-gap-default\">\n\t\t\t\t\t<div class=\"elementor-column elementor-col-100 elementor-top-column elementor-element elementor-element-e2dbfb8\" data-id=\"e2dbfb8\" data-element_type=\"column\" data-settings=\"{&quot;_ob_bbad_is_stalker&quot;:&quot;no&quot;,&quot;_ob_teleporter_use&quot;:false,&quot;_ob_column_hoveranimator&quot;:&quot;no&quot;,&quot;_ob_column_has_pseudo&quot;:&quot;no&quot;}\">\n\t\t\t<div class=\"elementor-widget-wrap elementor-element-populated\">\n\t\t\t\t\t\t\t\t<div class=\"elementor-element elementor-element-0ea3148 ob-harakiri-inherit ob-has-background-overlay elementor-widget elementor-widget-heading\" data-id=\"0ea3148\" data-element_type=\"widget\" data-settings=\"{&quot;_ob_use_harakiri&quot;:&quot;yes&quot;,&quot;_ob_harakiri_writing_mode&quot;:&quot;inherit&quot;,&quot;_ob_harakiri_text_clip&quot;:&quot;none&quot;,&quot;_ob_perspektive_use&quot;:&quot;no&quot;,&quot;_ob_poopart_use&quot;:&quot;yes&quot;,&quot;_ob_shadough_use&quot;:&quot;no&quot;,&quot;_ob_allow_hoveranimator&quot;:&quot;no&quot;,&quot;_ob_widget_stalker_use&quot;:&quot;no&quot;}\" data-widget_type=\"heading.default\">\n\t\t\t\t<div class=\"elementor-widget-container\">\n\t\t\t<style>\/*! elementor - v3.14.0 - 26-06-2023 *\/\n.elementor-heading-title{padding:0;margin:0;line-height:1}.elementor-widget-heading .elementor-heading-title[class*=elementor-size-]>a{color:inherit;font-size:inherit;line-height:inherit}.elementor-widget-heading .elementor-heading-title.elementor-size-small{font-size:15px}.elementor-widget-heading .elementor-heading-title.elementor-size-medium{font-size:19px}.elementor-widget-heading .elementor-heading-title.elementor-size-large{font-size:29px}.elementor-widget-heading .elementor-heading-title.elementor-size-xl{font-size:39px}.elementor-widget-heading .elementor-heading-title.elementor-size-xxl{font-size:59px}<\/style><h2 class=\"elementor-heading-title elementor-size-default\">Valikoituja linkkej\u00e4<\/h2>\t\t<\/div>\n\t\t\t\t<\/div>\n\t\t\t\t<div class=\"elementor-element elementor-element-66a1c1d ob-harakiri-inherit ob-has-background-overlay elementor-widget elementor-widget-text-editor\" data-id=\"66a1c1d\" data-element_type=\"widget\" data-settings=\"{&quot;_ob_use_harakiri&quot;:&quot;yes&quot;,&quot;_ob_harakiri_writing_mode&quot;:&quot;inherit&quot;,&quot;_ob_postman_use&quot;:&quot;no&quot;,&quot;_ob_perspektive_use&quot;:&quot;no&quot;,&quot;_ob_poopart_use&quot;:&quot;yes&quot;,&quot;_ob_shadough_use&quot;:&quot;no&quot;,&quot;_ob_allow_hoveranimator&quot;:&quot;no&quot;,&quot;_ob_widget_stalker_use&quot;:&quot;no&quot;}\" data-widget_type=\"text-editor.default\">\n\t\t\t\t<div class=\"elementor-widget-container\">\n\t\t\t<style>\/*! elementor - v3.14.0 - 26-06-2023 *\/\n.elementor-widget-text-editor.elementor-drop-cap-view-stacked .elementor-drop-cap{background-color:#69727d;color:#fff}.elementor-widget-text-editor.elementor-drop-cap-view-framed .elementor-drop-cap{color:#69727d;border:3px solid;background-color:transparent}.elementor-widget-text-editor:not(.elementor-drop-cap-view-default) .elementor-drop-cap{margin-top:8px}.elementor-widget-text-editor:not(.elementor-drop-cap-view-default) .elementor-drop-cap-letter{width:1em;height:1em}.elementor-widget-text-editor .elementor-drop-cap{float:left;text-align:center;line-height:1;font-size:50px}.elementor-widget-text-editor .elementor-drop-cap-letter{display:inline-block}<\/style>\t\t\t\t<p class=\"minibold\">Suomi<\/p><ul><li><a href=\"http:\/\/www.birdlife.fi\/havainnot\/rariteettikomitea.shtml\" target=\"_blank\" rel=\"noopener\">BirdLife Suomen rariteettikomitea<\/a><\/li><li><a href=\"http:\/\/www.birdlife.fi\/\" target=\"_blank\" rel=\"noopener\">BirdLife Suomi<\/a><\/li><li><a href=\"http:\/\/www.tiira.fi\/\" target=\"_blank\" rel=\"noopener\">Tiira<\/a> (BirdLifen lintuhavaintojen keruuj\u00e4rjestelm\u00e4)<\/li><li><a href=\"http:\/\/www.tarsiger.com\/\" target=\"_blank\" rel=\"noopener\">Tarsiger<\/a> (kuvia ja wp-harvinaisuuksia)<\/li><\/ul><p class=\"minibold\">\u00a0<\/p><p class=\"minibold\">Muut<\/p><ul><li>Bulgaria &#8211; <a href=\"http:\/\/www.birdwatchingbulgaria.com\/\" target=\"_blank\" rel=\"noopener\"> www.birdwatchingbulgaria.com<\/a><\/li><li>Espanja &#8211; &#8217;Rare Birds In Spain&#8217; &#8211; <a href=\"http:\/\/www.rarebirdspain.net\/home.htm\" target=\"_blank\" rel=\"noopener\">www.rarebirdspain.net<\/a><\/li><li>Irlanti &#8211; &#8217;IrishBirding&#8217; &#8211; <a href=\"http:\/\/www.irishbirding.com\/\" target=\"_blank\" rel=\"noopener\">www.IrishBirding.com<\/a><\/li><li>Iso-Britannia &#8211; &#8217;BirdGuides&#8217; &#8211; <a id=\"pwd_link_183_df736bac13397ea1bed8d0555af30f30\" title=\"https:\/\/www.birdguides.com\/\" href=\"https:\/\/www.birdguides.com\/\" target=\"_self\">www.birdguides.com<\/a><\/li><li>Iso-Britannia \/ USA &#8211; <a href=\"http:\/\/www.surfbirds.com\/\" target=\"_blank\" rel=\"noopener\">www.surfbirds.com<\/a><\/li><li>Israel &#8211; &#8217;Desert Birds&#8217; &#8211; <a href=\"http:\/\/www.israbirding.com\/\" target=\"_blank\" rel=\"noopener\">www.israbirding.com<\/a><\/li><li>Israel &#8211; &#8217;Birding Israel&#8217; &#8211; <a href=\"http:\/\/www.birdingisrael.com\/\" target=\"_blank\" rel=\"noopener\">www.birdingisrael.com<\/a><\/li><li>Kreikka &#8211; &#8217;Rare Birds In Greece &#8211; <a href=\"http:\/\/rarities.ornithologiki.gr\/en\/index.php\" target=\"_blank\" rel=\"noopener\">rarities.ornithologiki.gr\/en\/index.php<\/a><\/li><li>L\u00e4hi-It\u00e4 &#8211; &#8217;OSME \u2013 Ornithological Society for Middle East&#8217; &#8211; <a href=\"http:\/\/www.osme.org\/index.html\" target=\"_blank\" rel=\"noopener\">www.osme.org<\/a><\/li><li>Norja &#8211; rarisivut &#8211; <a href=\"http:\/\/www.fugler.net\/\" target=\"_blank\" rel=\"noopener\">www.fugler.net<\/a><\/li><li>Ruotsi &#8211; Club 300 &#8211; <a href=\"http:\/\/www.club300.se\/\" target=\"_blank\" rel=\"noopener\">www.club300.se<\/a><\/li><li>Saksan &#8211; Club 300 &#8211; <a href=\"http:\/\/www.club300.de\/\" target=\"_blank\" rel=\"noopener\">www.club300.de<\/a><\/li><li>Tanska &#8211; &#8217;Danish Bird News&#8217; &#8211; <a href=\"http:\/\/www.netfugl.dk\/\" target=\"_blank\" rel=\"noopener\">www.netfugl.dk<\/a><\/li><li>Thaimaa &#8211; <a href=\"http:\/\/www.thaibirding.com\/index.htm\" target=\"_blank\" rel=\"noopener\">www.thaibirding.com<\/a><\/li><\/ul>\t\t\t\t\t\t<\/div>\n\t\t\t\t<\/div>\n\t\t\t\t\t<\/div>\n\t\t<\/div>\n\t\t\t\t\t\t\t<\/div>\n\t\t<\/section>\n\t\t\t\t\t\t\t<\/div>\n\t\t","protected":false},"excerpt":{"rendered":"<p>Valikoituja linkkej\u00e4 Suomi BirdLife Suomen rariteettikomitea BirdLife Suomi Tiira (BirdLifen lintuhavaintojen keruuj\u00e4rjestelm\u00e4) Tarsiger (kuvia ja wp-harvinaisuuksia) \u00a0 Muut Bulgaria &#8211; www.birdwatchingbulgaria.com Espanja &#8211; &#8217;Rare Birds In Spain&#8217; &#8211; www.rarebirdspain.net Irlanti &#8211; &#8217;IrishBirding&#8217; &#8211; www.IrishBirding.com Iso-Britannia &#8211; &#8217;BirdGuides&#8217; &#8211; www.birdguides.com Iso-Britannia \/ USA &#8211; www.surfbirds.com Israel &#8211; &#8217;Desert Birds&#8217; &#8211; www.israbirding.com Israel &#8211; &#8217;Birding Israel&#8217; &#8211; [&hellip;]<\/p>\n","protected":false},"author":1,"featured_media":0,"parent":0,"menu_order":0,"comment_status":"closed","ping_status":"closed","template":"elementor_header_footer","meta":{"_eb_attr":""},"categories":[],"tags":[],"folder":[121],"_links":{"self":[{"href":"https:\/\/bongariliitto.fi\/index.php\/wp-json\/wp\/v2\/pages\/479"}],"collection":[{"href":"https:\/\/bongariliitto.fi\/index.php\/wp-json\/wp\/v2\/pages"}],"about":[{"href":"https:\/\/bongariliitto.fi\/index.php\/wp-json\/wp\/v2\/types\/page"}],"author":[{"embeddable":true,"href":"https:\/\/bongariliitto.fi\/index.php\/wp-json\/wp\/v2\/users\/1"}],"replies":[{"embeddable":true,"href":"https:\/\/bongariliitto.fi\/index.php\/wp-json\/wp\/v2\/comments?post=479"}],"version-history":[{"count":7,"href":"https:\/\/bongariliitto.fi\/index.php\/wp-json\/wp\/v2\/pages\/479\/revisions"}],"predecessor-version":[{"id":486,"href":"https:\/\/bongariliitto.fi\/index.php\/wp-json\/wp\/v2\/pages\/479\/revisions\/486"}],"wp:attachment":[{"href":"https:\/\/bongariliitto.fi\/index.php\/wp-json\/wp\/v2\/media?parent=479"}],"wp:term":[{"taxonomy":"category","embeddable":true,"href":"https:\/\/bongariliitto.fi\/index.php\/wp-json\/wp\/v2\/categories?post=479"},{"taxonomy":"post_tag","embeddable":true,"href":"https:\/\/bongariliitto.fi\/index.php\/wp-json\/wp\/v2\/tags?post=479"},{"taxonomy":"folder","embeddable":true,"href":"https:\/\/bongariliitto.fi\/index.php\/wp-json\/wp\/v2\/folder?post=479"}],"curies":[{"name":"wp","href":"https:\/\/api.w.org\/{rel}","templated":true}]}}